{"id":947,"date":"2018-06-23T20:25:29","date_gmt":"2018-06-23T20:25:29","guid":{"rendered":"https:\/\/larrs.cl\/sitio\/?page_id=947"},"modified":"2021-07-16T16:20:10","modified_gmt":"2021-07-16T16:20:10","slug":"asistencia-tecnica","status":"publish","type":"page","link":"https:\/\/larrs.cl\/sitio\/asistencia-tecnica\/","title":{"rendered":"Asistencia t\u00e9cnica"},"content":{"rendered":"<p><strong><span style=\"color: #ff6600;\">PROYECTOS DIRIGIDOS:<\/span><\/strong><\/p>\n<div class=\"clear\"><\/div><div class=\"toggle  close\"><h3 class=\"toggle-head-open\"> An\u00e1lisis Estudio de Riesgo por Tsunami Regi\u00f3n de La Araucan\u00eda<i class=\"tieicon-up\"><\/i><\/h3><h3 class=\"toggle-head-close\"> An\u00e1lisis Estudio de Riesgo por Tsunami Regi\u00f3n de La Araucan\u00eda<i class=\"tieicon-down\"><\/i><\/h3><div class=\"toggle-content\">\n\t\t\t\n<p style=\"text-align: justify;\"><strong>Objetivo general:<\/strong> \u201cDesarrollar un estudio de riesgo de tsunami para el borde costero de la regi\u00f3n de La Araucan\u00eda, en base a antecedentes existentes y generaci\u00f3n de nueva informaci\u00f3n, para determinar a trav\u00e9s de modelaci\u00f3n num\u00e9rica \u00e1reas de inundaci\u00f3n, adem\u00e1s de evaluar la vulnerabilidad y percepci\u00f3n del riesgo de tsunami con el objeto de tomar medidas pertinentes para reducir el riesgo de desastres sobre la poblaci\u00f3n all\u00ed residente en caso de generarse un evento\u201d<\/p>\n<p style=\"text-align: justify;\"><strong>Tiempo de ejecuci\u00f3n:<\/strong> 2019-2021<\/p>\n<p style=\"text-align: justify;\"><strong>Mandante:<\/strong>\u00a0Seremi Vivienda y Urbanismo Araucan\u00eda<\/p>\n\n\t\t\t<\/div><\/div>\n<div class=\"clear\"><\/div><div class=\"toggle  close\"><h3 class=\"toggle-head-open\"> Plan de acci\u00f3n municipal frente a incendio forestal<i class=\"tieicon-up\"><\/i><\/h3><h3 class=\"toggle-head-close\"> Plan de acci\u00f3n municipal frente a incendio forestal<i class=\"tieicon-down\"><\/i><\/h3><div class=\"toggle-content\">\n\t\t\t\n<p style=\"text-align: justify;\"><strong>Objetivo general:<\/strong>\u00a0Promover iniciativas espec\u00edficas, pudiendo ser iniciativas de inversi\u00f3n, planificaci\u00f3n y gesti\u00f3n del riesgo de desastre por incendio forestal orientadas a la coordinaci\u00f3n y colaboraci\u00f3n entre los diversos actores relevantes (ciudadan\u00eda, sector p\u00fablico y privado) de la comuna de Penco, poniendo \u00e9nfasis en la poblaci\u00f3n localizada en zonas mayormente expuestas a incendio forestal.<\/p>\n<p style=\"text-align: justify;\"><strong>Tiempo de ejecuci\u00f3n:<\/strong> Julio 2018 \u2013 octubre 2019<\/p>\n<p style=\"text-align: justify;\"><strong>Mandante:<\/strong>\u00a0I. Municipalidad de Penco<\/p>\n\n\t\t\t<\/div><\/div>\n<div class=\"clear\"><\/div><div class=\"toggle  close\"><h3 class=\"toggle-head-open\"> Actualizaci\u00f3n del estudio de riesgos naturales y antr\u00f3picos San Pedro de la Paz<i class=\"tieicon-up\"><\/i><\/h3><h3 class=\"toggle-head-close\"> Actualizaci\u00f3n del estudio de riesgos naturales y antr\u00f3picos San Pedro de la Paz<i class=\"tieicon-down\"><\/i><\/h3><div class=\"toggle-content\">\n\t\t\t\n<p style=\"text-align: justify;\"><strong>Objetivo general:<\/strong> \u201cmejorar el conocimiento de los riesgos de desastres, en favor de la protecci\u00f3n de las vidas humanas, bienes materiales y medio ambiente; impulsando la gesti\u00f3n correctiva, prospectiva y reactiva del riesgo a nivel municipal y de su integraci\u00f3n en la planificaci\u00f3n e inversi\u00f3n territorial. Todo esto, promoviendo la participaci\u00f3n de los territorios de la comuna, seg\u00fan sea apropiado, en la evaluaci\u00f3n, comprensi\u00f3n y gesti\u00f3n del riesgo de desastres\u201d<\/p>\n<p style=\"text-align: justify;\"><strong>Tiempo de ejecuci\u00f3n:\u00a0<\/strong>Julio 2017 &#8211; mayo 2018<\/p>\n<p style=\"text-align: justify;\"><strong>Mandante:<\/strong> Municipalidad de San Pedro de la Paz<\/p>\n\n\t\t\t<\/div><\/div>\n<div class=\"clear\"><\/div><div class=\"toggle  close\"><h3 class=\"toggle-head-open\"> Estudio de identificaci\u00f3n de riesgos en la comuna de Curacaut\u00edn. <i class=\"tieicon-up\"><\/i><\/h3><h3 class=\"toggle-head-close\"> Estudio de identificaci\u00f3n de riesgos en la comuna de Curacaut\u00edn. <i class=\"tieicon-down\"><\/i><\/h3><div class=\"toggle-content\">\n\t\t\t\n<p><strong>Objetivo general:<\/strong> Identificar los riesgos existentes en la comuna de Curacaut\u00edn, para elaborar planes de acci\u00f3n atingentes a la realidad local.<\/p>\n<p><strong>Tiempo de ejecuci\u00f3n:<\/strong> Agosto 2017-Mayo 2018<\/p>\n<p><strong>Mandante:<\/strong> Ilustre Municipalidad de Curacaut\u00edn<\/p>\n\n\t\t\t<\/div><\/div>\n<div class=\"clear\"><\/div><div class=\"toggle  close\"><h3 class=\"toggle-head-open\"> Estudio de riesgo volc\u00e1n Mocho-Choshuenco.<i class=\"tieicon-up\"><\/i><\/h3><h3 class=\"toggle-head-close\"> Estudio de riesgo volc\u00e1n Mocho-Choshuenco.<i class=\"tieicon-down\"><\/i><\/h3><div class=\"toggle-content\">\n\t\t\t\n<p style=\"text-align: justify;\"><strong>Objetivo general:<\/strong> \u201cDesarrollar un estudio de riesgo del Volc\u00e1n Mocho-Choshuenco, que permita determinar \u00e1reas seguras, v\u00edas de evacuaci\u00f3n, talleres de socializaci\u00f3n\u201d, con el objeto final de agregar dichas zonas al plan de emergencia comunal.<\/p>\n<p style=\"text-align: justify;\"><strong>Tiempo de ejecuci\u00f3n:<\/strong> Agosto 2017\u2013Enero 2018<\/p>\n<p style=\"text-align: justify;\"><strong>Mandante:<\/strong> Ilustre Municipalidad de Panguipulli<\/p>\n\n\t\t\t<\/div><\/div>\n<div class=\"clear\"><\/div><div class=\"toggle  close\"><h3 class=\"toggle-head-open\"> Estudio de Riesgo y Protecci\u00f3n Ambiental del \u00c1rea Urbana de Puerto Montt.<i class=\"tieicon-up\"><\/i><\/h3><h3 class=\"toggle-head-close\"> Estudio de Riesgo y Protecci\u00f3n Ambiental del \u00c1rea Urbana de Puerto Montt.<i class=\"tieicon-down\"><\/i><\/h3><div class=\"toggle-content\">\n\t\t\t\n<p style=\"text-align: justify;\"><strong>Objetivo General:<\/strong> Definir riesgos naturales reales o potenciales para el emplazamiento o consolidaci\u00f3n de asentamientos humanos dentro del \u00e1rea urbana de Puerto Montt en conjunto con el resguardo del patrimonio ambiental del \u00e1rea urbana.<\/p>\n<p style=\"text-align: justify;\"><strong>Tiempo de ejecuci\u00f3n:<\/strong> Agosto 2015-Diciembre 2015<\/p>\n<p style=\"text-align: justify;\"><strong>Mandante:<\/strong> Ilustre Municipalidad de Puerto Montt<\/p>\n\n\t\t\t<\/div><\/div>\n<p><strong><span style=\"color: #ff6600;\">PROYECTOS EN COLABORACI\u00d3N:<\/span><\/strong><\/p>\n<p style=\"text-align: justify;\"><div class=\"clear\"><\/div><div class=\"toggle  close\"><h3 class=\"toggle-head-open\"> Establecer metodolog\u00eda para la aplicaci\u00f3n de un PSA <i class=\"tieicon-up\"><\/i><\/h3><h3 class=\"toggle-head-close\"> Establecer metodolog\u00eda para la aplicaci\u00f3n de un PSA <i class=\"tieicon-down\"><\/i><\/h3><div class=\"toggle-content\">\n\t\t\t\n<p style=\"text-align: justify;\">Establecer metodolog\u00eda para la aplicaci\u00f3n de un PSA (A nivel de cuencas) de captaci\u00f3n de ESSBIO-NUEVOSUR identificando las brechas existentes en disponibilidad y calidad de la informaci\u00f3n, tomando como caso de estudio las cuencas del Biobio y Cachapoal.<\/p>\n<p style=\"text-align: justify;\"><strong>L\u00ednea(s) de colaboraci\u00f3n:<\/strong><strong>Identificaci\u00f3n de peligros de origen natural y cartograf\u00eda. <\/strong><\/p>\n<p style=\"text-align: justify;\"><strong>Tiempo de ejecuci\u00f3n:<\/strong>Diciembre 2016-Finalizado.<\/p>\n<p style=\"text-align: justify;\"><b>Mandante:\u00a0<\/b>ESSBIO<\/p>\n<p style=\"text-align: justify;\">\n\t\t\t<\/div><\/div>\n<div class=\"clear\"><\/div><div class=\"toggle  close\"><h3 class=\"toggle-head-open\"> Plan Energ\u00e9tico Regional (PER). <i class=\"tieicon-up\"><\/i><\/h3><h3 class=\"toggle-head-close\"> Plan Energ\u00e9tico Regional (PER). <i class=\"tieicon-down\"><\/i><\/h3><div class=\"toggle-content\">\n\t\t\t\n<p style=\"text-align: justify;\">Plan Energ\u00e9tico Regional (PER). propuestas de construcci\u00f3n de una planificaci\u00f3n energ\u00e9tico- regional para la regi\u00f3n del Biob\u00edo.<\/p>\n<p style=\"text-align: justify;\"><strong>L\u00ednea(s) de colaboraci\u00f3n: <\/strong><strong>COREMAS.<\/strong><\/p>\n<p style=\"text-align: justify;\"><b>Tiempo de ejecuci\u00f3n:<\/b>Agosto 2017- Marzo 2018,<\/p>\n<p style=\"text-align: justify;\"><b>Mandante:<\/b>Ministerio de Energ\u00eda<\/p>\n\n\t\t\t<\/div><\/div>\n<div class=\"clear\"><\/div><div class=\"toggle  close\"><h3 class=\"toggle-head-open\"> Diagn\u00f3stico Energ\u00e9tico Prospectivo y Plan de Acci\u00f3n para la regi\u00f3n del Biob\u00edo. <i class=\"tieicon-up\"><\/i><\/h3><h3 class=\"toggle-head-close\"> Diagn\u00f3stico Energ\u00e9tico Prospectivo y Plan de Acci\u00f3n para la regi\u00f3n del Biob\u00edo. <i class=\"tieicon-down\"><\/i><\/h3><div class=\"toggle-content\">\n\t\t\t\n<p>Diagn\u00f3stico Energ\u00e9tico Prospectivo y Plan de Acci\u00f3n para la regi\u00f3n del Biob\u00edo.<\/p>\n<p><strong>L\u00ednea(s) de colaboraci\u00f3n:<\/strong><strong>Evaluaci\u00f3n de exposici\u00f3n de infraestructura energ\u00e9tica regional a peligros naturales y diagn\u00f3stico f\u00edsico-natural.<\/strong><\/p>\n<p><b>Tiempo de ejecuci\u00f3n:\u00a0<\/b>Noviembre 2015-Mayo 2016<\/p>\n<p><b>Mandante:\u00a0<\/b>Ministerio de Energ\u00eda<\/p>\n\n\t\t\t<\/div><\/div>\n","protected":false},"excerpt":{"rendered":"<p>PROYECTOS DIRIGIDOS: PROYECTOS EN COLABORACI\u00d3N:<\/p>\n","protected":false},"author":1,"featured_media":0,"parent":0,"menu_order":0,"comment_status":"closed","ping_status":"closed","template":"","meta":{"_links_to":"","_links_to_target":""},"yoast_head":"<!-- This site is optimized with the Yoast SEO plugin v17.1 - https:\/\/yoast.com\/wordpress\/plugins\/seo\/ -->\n<title>Asistencia t\u00e9cnica - LARRS<\/title>\n<meta name=\"robots\" content=\"index, follow, max-snippet:-1, max-image-preview:large, max-video-preview:-1\" \/>\n<link rel=\"canonical\" href=\"https:\/\/larrs.cl\/sitio\/asistencia-tecnica\/\" \/>\n<meta property=\"og:locale\" content=\"es_ES\" \/>\n<meta property=\"og:type\" content=\"article\" \/>\n<meta property=\"og:title\" content=\"Asistencia t\u00e9cnica - LARRS\" \/>\n<meta property=\"og:description\" content=\"PROYECTOS DIRIGIDOS: PROYECTOS EN COLABORACI\u00d3N:\" \/>\n<meta property=\"og:url\" content=\"https:\/\/larrs.cl\/sitio\/asistencia-tecnica\/\" \/>\n<meta property=\"og:site_name\" content=\"LARRS\" \/>\n<meta property=\"article:modified_time\" content=\"2021-07-16T16:20:10+00:00\" \/>\n<meta name=\"twitter:card\" content=\"summary_large_image\" \/>\n<meta name=\"twitter:label1\" content=\"Tiempo de lectura\" \/>\n\t<meta name=\"twitter:data1\" content=\"4 minutos\" \/>\n<script type=\"application\/ld+json\" class=\"yoast-schema-graph\">{\"@context\":\"https:\/\/schema.org\",\"@graph\":[{\"@type\":\"WebSite\",\"@id\":\"https:\/\/larrs.cl\/sitio\/#website\",\"url\":\"https:\/\/larrs.cl\/sitio\/\",\"name\":\"LARRS\",\"description\":\"Reducci\\u00f3n de riesgos socionaturales\",\"potentialAction\":[{\"@type\":\"SearchAction\",\"target\":{\"@type\":\"EntryPoint\",\"urlTemplate\":\"https:\/\/larrs.cl\/sitio\/?s={search_term_string}\"},\"query-input\":\"required name=search_term_string\"}],\"inLanguage\":\"es\"},{\"@type\":\"WebPage\",\"@id\":\"https:\/\/larrs.cl\/sitio\/asistencia-tecnica\/#webpage\",\"url\":\"https:\/\/larrs.cl\/sitio\/asistencia-tecnica\/\",\"name\":\"Asistencia t\\u00e9cnica - LARRS\",\"isPartOf\":{\"@id\":\"https:\/\/larrs.cl\/sitio\/#website\"},\"datePublished\":\"2018-06-23T20:25:29+00:00\",\"dateModified\":\"2021-07-16T16:20:10+00:00\",\"breadcrumb\":{\"@id\":\"https:\/\/larrs.cl\/sitio\/asistencia-tecnica\/#breadcrumb\"},\"inLanguage\":\"es\",\"potentialAction\":[{\"@type\":\"ReadAction\",\"target\":[\"https:\/\/larrs.cl\/sitio\/asistencia-tecnica\/\"]}]},{\"@type\":\"BreadcrumbList\",\"@id\":\"https:\/\/larrs.cl\/sitio\/asistencia-tecnica\/#breadcrumb\",\"itemListElement\":[{\"@type\":\"ListItem\",\"position\":1,\"name\":\"Portada\",\"item\":\"https:\/\/larrs.cl\/sitio\/\"},{\"@type\":\"ListItem\",\"position\":2,\"name\":\"Asistencia t\\u00e9cnica\"}]}]}<\/script>\n<!-- \/ Yoast SEO plugin. -->","yoast_head_json":{"title":"Asistencia t\u00e9cnica - LARRS","robots":{"index":"index","follow":"follow","max-snippet":"max-snippet:-1","max-image-preview":"max-image-preview:large","max-video-preview":"max-video-preview:-1"},"canonical":"https:\/\/larrs.cl\/sitio\/asistencia-tecnica\/","og_locale":"es_ES","og_type":"article","og_title":"Asistencia t\u00e9cnica - LARRS","og_description":"PROYECTOS DIRIGIDOS: PROYECTOS EN COLABORACI\u00d3N:","og_url":"https:\/\/larrs.cl\/sitio\/asistencia-tecnica\/","og_site_name":"LARRS","article_modified_time":"2021-07-16T16:20:10+00:00","twitter_card":"summary_large_image","twitter_misc":{"Tiempo de lectura":"4 minutos"},"schema":{"@context":"https:\/\/schema.org","@graph":[{"@type":"WebSite","@id":"https:\/\/larrs.cl\/sitio\/#website","url":"https:\/\/larrs.cl\/sitio\/","name":"LARRS","description":"Reducci\u00f3n de riesgos socionaturales","potentialAction":[{"@type":"SearchAction","target":{"@type":"EntryPoint","urlTemplate":"https:\/\/larrs.cl\/sitio\/?s={search_term_string}"},"query-input":"required name=search_term_string"}],"inLanguage":"es"},{"@type":"WebPage","@id":"https:\/\/larrs.cl\/sitio\/asistencia-tecnica\/#webpage","url":"https:\/\/larrs.cl\/sitio\/asistencia-tecnica\/","name":"Asistencia t\u00e9cnica - LARRS","isPartOf":{"@id":"https:\/\/larrs.cl\/sitio\/#website"},"datePublished":"2018-06-23T20:25:29+00:00","dateModified":"2021-07-16T16:20:10+00:00","breadcrumb":{"@id":"https:\/\/larrs.cl\/sitio\/asistencia-tecnica\/#breadcrumb"},"inLanguage":"es","potentialAction":[{"@type":"ReadAction","target":["https:\/\/larrs.cl\/sitio\/asistencia-tecnica\/"]}]},{"@type":"BreadcrumbList","@id":"https:\/\/larrs.cl\/sitio\/asistencia-tecnica\/#breadcrumb","itemListElement":[{"@type":"ListItem","position":1,"name":"Portada","item":"https:\/\/larrs.cl\/sitio\/"},{"@type":"ListItem","position":2,"name":"Asistencia t\u00e9cnica"}]}]}},"_links":{"self":[{"href":"https:\/\/larrs.cl\/sitio\/wp-json\/wp\/v2\/pages\/947"}],"collection":[{"href":"https:\/\/larrs.cl\/sitio\/wp-json\/wp\/v2\/pages"}],"about":[{"href":"https:\/\/larrs.cl\/sitio\/wp-json\/wp\/v2\/types\/page"}],"author":[{"embeddable":true,"href":"https:\/\/larrs.cl\/sitio\/wp-json\/wp\/v2\/users\/1"}],"replies":[{"embeddable":true,"href":"https:\/\/larrs.cl\/sitio\/wp-json\/wp\/v2\/comments?post=947"}],"version-history":[{"count":13,"href":"https:\/\/larrs.cl\/sitio\/wp-json\/wp\/v2\/pages\/947\/revisions"}],"predecessor-version":[{"id":1386,"href":"https:\/\/larrs.cl\/sitio\/wp-json\/wp\/v2\/pages\/947\/revisions\/1386"}],"wp:attachment":[{"href":"https:\/\/larrs.cl\/sitio\/wp-json\/wp\/v2\/media?parent=947"}],"curies":[{"name":"wp","href":"https:\/\/api.w.org\/{rel}","templated":true}]}}