{"id":945,"date":"2018-06-23T20:25:20","date_gmt":"2018-06-23T20:25:20","guid":{"rendered":"https:\/\/larrs.cl\/sitio\/?page_id=945"},"modified":"2023-08-14T00:07:59","modified_gmt":"2023-08-14T00:07:59","slug":"publicaciones","status":"publish","type":"page","link":"https:\/\/larrs.cl\/sitio\/publicaciones\/","title":{"rendered":"Publicaciones"},"content":{"rendered":"<div class=\"clear\"><\/div><div class=\"toggle  close\"><h3 class=\"toggle-head-open\"> Publicaciones en revistas<i class=\"tieicon-up\"><\/i><\/h3><h3 class=\"toggle-head-close\"> Publicaciones en revistas<i class=\"tieicon-down\"><\/i><\/h3><div class=\"toggle-content\">\n\t\t\t\n<p>Novoa, V; Rojas, O; Ahumada-Rudolph, R; Arum\u00ed, J.L.; Munizaga, J; de la Barrera, F; Cabrera-Pardo, J; Rojas, C. (2023). Water footprint and virtual water flows from the Global South: Foundations for sustainable agriculture in periods of drought. Science of The Total Environment, 869, 161526, <a href=\"https:\/\/doi.org\/10.1016\/j.scitotenv.2023.161526\">https:\/\/doi.org\/10.1016\/j.scitotenv.2023.161526<\/a><\/p>\n<p>Munizaga, J; Garc\u00eda, M; Ureta, F; Novoa, V; <strong>Rojas, O;<\/strong> Rojas, C. (2022). Mapping Coastal Wetlands Using Satellite Imagery and Machine Learning in a Highly Urbanized Landscape. Sustainability, 14<strong>, <\/strong><a href=\"https:\/\/doi.org\/10.3390\/su14095700\">https:\/\/doi.org\/10.3390\/su14095700<\/a><strong> \u00a0\u00a0<\/strong><\/p>\n<p>Moraga, D; Vivancos, A; Ruiz, V; Rojas, O; D\u00edaz, G; Aliro, M; Vega; P; Habit, E. (2022). A century of anthropogenic river alterations in a highly diverse river coastal basin: Effects on fish assemblages. Frontiers in Environmental Science. 10. <a href=\"https:\/\/doi.org\/10.3389\/fenvs.2022.943586\">https:\/\/doi.org\/10.3389\/fenvs.2022.943586\u00a0<\/a><\/p>\n<p><strong>Rojas, O<\/strong>; Soto, E; Rojas, C; L\u00f3pez, J. (2022). Assessment of the flood mitigation ecosystem service in a coastal wetland and potential impact of future urban development in Chile. Habitat International, 123, 102554. <a href=\"https:\/\/doi.org\/10.1016\/j.habitatint.2022.102554\">https:\/\/doi.org\/10.1016\/j.habitatint.2022.102554<\/a><\/p>\n<p>Pacheco, F; Rojas, O; Hern\u00e1ndez, E; Caama\u00f1o, D. (2022). Effects on Fluvial Geomorphology and Vegetation Cover following Hydroelectric Power Plant Operation: A Case Study in the Maule River (Chile). Water, 14, <a href=\"https:\/\/doi.org\/10.3390\/w14111673\">https:\/\/doi.org\/10.3390\/w14111673<\/a><\/p>\n<p>Veloso, C; Flores, E; Noguera, E; Fa\u00fandez, R, Arriagada, P; <strong>Rojas, O;<\/strong> Carrasco, JA; Link, O. (2022) Preparedness against floods in nearly pristine socio-hydrological Systems. Hydrological Sciences Journal, 67. <a href=\"https:\/\/doi.org\/10.1080\/02626667.2021.2023156\">https:\/\/doi.org\/10.1080\/02626667.2021.2023156<\/a><\/p>\n<p>Dur\u00e1n-Llacer, I, Arum\u00ed, J; Arriagada, L; Aguayo, M, Rojas, O; Gonz\u00e1lez.Rodr\u00edguez, L; Rod\u00edguez-L\u00f3pez, L, Mart\u00ednez.Retureta, R; Oyarz\u00fan, R; Kumar, S. (2021)\u00a0 A new method to map groundwater-dependent ecosystem zones in semi-arid environments: A case study in Chile. Science of The Total Environment, 816, 151528, <a href=\"https:\/\/doi.org\/10.1016\/j.scitotenv.2021.151528\">https:\/\/doi.org\/10.1016\/j.scitotenv.2021.151528<\/a><\/p>\n<p>Mart\u00ednez, C; Sep\u00falveda-Z\u00fa\u00f1iga, E; Villagr\u00e1n, M; Rojas, O; G\u00f3mez, M; L\u00f3pez, P; Rojas, C. (2021). Coastal Evolution in a Wetland Affected by Large Tsunamigenic Earthquakes in South-Central Chile: Criteria for Integrated Coastal Management. Water, 13(11), 1467<\/p>\n<p>Ar\u00e1nguiz, R; Mart\u00ednez, C; Rojas, O;\u00a0 Hoffmann, C;\u00a0 L\u00f3pez, P. (2020). The generation of new tsunami risk areas due to an intentionally biased reconstruction process: Case study of llico after the 2010 Chile tsunami. International Journal of Disaster Risk Reduction, 50, 101727,<\/p>\n<p>Banwell, N;\u00a0\u00a0 Gesche, A;\u00a0 Rojas, O;\u00a0 Hostettler, S. (2020). Barriers to the implementation of international agreements on the ground: Climate change and resilience building in the Araucan\u00eda Region of Chile. International Journal of Disaster Risk Reduction, 50, 1011703.<\/p>\n<p>Duran-Llacer, I;\u00a0 Munizaga, J; Arum\u00ed, J; Christopher, R; Aguayo, M; S\u00e1ez-Carrillo, K; Arriagada, L; Rojas, O. (2020). Lessons to Be Learned: Groundwater Depletion in Chile\u2019s Ligua and Petorca Watersheds through an Interdisciplinary Approach. Water, 12(9), 2446,<\/p>\n<p>Novoa V;\u00a0 <strong>Rojas, O;<\/strong>\u00a0 Ahumada-Rudolph R;\u00a0 S\u00e1ez K; Fierro P; Rojas C. (2020). Coastal Wetlands: Ecosystems Affected by Urbanization?. Water, 12(3), 698, <a href=\"https:\/\/doi.org\/10.3390\/w12030698\">https:\/\/doi.org\/10.3390\/w12030698<\/a> <strong>WOS<\/strong><\/p>\n<p>Novoa, V., Ahumada-Rudolph, R; Rojas, O; Munizaga, J., S\u00e1ez, K., Arum\u00ed, J.L. (2019). Sustainability assessment of the agricultural water footprint in the Cachapoal River basin, Chile. Ecological Indicators, 98, 19-28<\/p>\n<p>Novoa, V; Ahumada-Rudolph, R; Rojas, O; S\u00e1ez, K; De la Barrera, F; Arum\u00ed, J. (2019). Understanding agricultural water footprint variability to improve water management in Chile. Science of the Total Environment, 670, 188-199<\/p>\n<p>Rojas, C., Munizaga, J., Rojas, O., Mart\u00ednez, C., Pino, J. (2019). Urban development versus wetland loss in a coastal Latin American city: lessons for sustainable land use planning. Land Use Police, 80, 47-56<\/p>\n<p>Arriagada, L.; <strong>Rojas, O;<\/strong> Arum\u00ed, Jos\u00e9 L; Munizaga, J; Rojas, Ca; Far\u00edas, L; Vega, C. (2019). A new method to evaluate the vulnerability of watersheds facing several stressors: a case study in mediterranean Chile, Science of the Total Environment, 651, 1517-1533, <a href=\"https:\/\/doi.org\/10.1016\/j.scitotenv.2018.09.237\">https:\/\/doi.org\/10.1016\/j.scitotenv.2018.09.237<\/a><\/p>\n<p>Rojas, O., Mardones, M., Mart\u00ednez, C., Flores, L., S\u00e1ez, K., Araneda, A. (2018). Flooding in Central Chile: Implications of Tides and Sea Level Increase in the 21st Century. Sustainability, 10(12), 4335.<\/p>\n<p style=\"text-align: justify;\">Rojas, O. Zamorano, M.E., Saez, K., Rojas, C., Vega, C., Arriagada, L., &amp; Basnou, C. (2017). Social perception of ecosystem services in a coastal wetland post-earthquake: A case study in Chile. Sustainability; 9(11):1983, DOI: 10.3390\/su9111983 (ISI).<\/p>\n<p style=\"text-align: justify;\">Rojas, O., Mardones, M., Rojas, C., Mart\u00ednez, C., &amp; Flores, L. (2017). Urban Growth and Flood Disasters in the Coastal River Basin of South-Central Chile (1943\u20132011). Sustainability; 9(2):195., DOI:10.3390\/su9020195 (ISI).<\/p>\n<p style=\"text-align: justify;\">Mart\u00ednez, C., Rojas, O., Villagra, P., Aranguiz, R., &amp; S\u00e1ez-Carrillo, K., (2017) Risk factors and perceived restoration in a town destroyed by the 2010 Chile tsunami. Natural hazards and earth system sciences; 17(5):721-734., DOI:10.5194\/nhess-17-721-2017 (ISI).<\/p>\n<p style=\"text-align: justify;\">Novoa, V., Rojas, O., Arum\u00ed J.L., Ulloa, C., &amp; Urrutia, R. (2016). Variabilidad de la huella h\u00eddrica del cultivo de cereales, r\u00edo Cachapoal, Chile. Tecnolog\u00eda y Ciencias del Agua. Vol. VII. N\u00fam 2, pp. 35-50 (ISI).<\/p>\n<p style=\"text-align: justify;\">Rojas, C., Sep\u00falveda, E., Barbosa, O., Rojas, O., &amp; Mart\u00ednez, C. (2015). Patrones de urbanizaci\u00f3n en la biodiversidad de humedales urbanos en Concepci\u00f3n Metropolitano. Revista de Geograf\u00eda Norte Grande, 61: 181-204. (ISI).<\/p>\n<p style=\"text-align: justify;\">Rojas, O. S\u00e1ez, K. Mart\u00ednez, C. Jaque, E. (2014). Efectos socioambientales post-cat\u00e1strofe en localidades costeras vulnerables afectadas por el tsunami del 27\/02\/2010 en Chile. Interciencia. Vol. 39. 383-390 (ISI).<\/p>\n<p style=\"text-align: justify;\">Rojas, O. Mardones, M. Aguayo, M. y Arum\u00ed, J.L. (2014). Una revisi\u00f3n de las inundaciones fluviales en Chile, per\u00edodo 1574-2012: causas, tipolog\u00edas y efectos geogr\u00e1ficos. Revista de Geograf\u00eda Norte Grande. Vol. 57. 177-192 (ISI).<\/p>\n<p style=\"text-align: justify;\">Mart\u00ednez, C. Rojas, O. Aranguiz, R. Belmonte, A. Altamirano, A. y Flores, P. (2012). Riesgo de tsunami en caleta Tubul, regi\u00f3n del Biob\u00edo: escenarios extremos y transformaciones territoriales posterremoto. Revista de Geograf\u00eda Norte Grande. Vol. 53. 85-106 (ISI).<\/p>\n<p style=\"text-align: justify;\">Rojas, O. y Mart\u00ednez, C. (2011). Riesgos Naturales: evoluci\u00f3n y modelos conceptuales. Revista Universitaria de Geograf\u00eda. Vol. 20. 83-116. (Scielo).<\/p>\n<p style=\"text-align: justify;\">Mart\u00ednez, C. Rojas, O. Jaque, E. Quezada, J. V\u00e1zquez, D. y Belmonte, A. (2011). Efectos territoriales del tsunami del 27 de febrero de 2010 en la costa de la regi\u00f3n del Biob\u00edo, Chile. Revista Geogr\u00e1fica de Am\u00e9rica Central. 1-16 (Latinindex).<\/p>\n<p style=\"text-align: justify;\">Rojas, O. Mart\u00ednez, C. y Jaque, E. (2010). Recurrencia hist\u00f3rica por inundaci\u00f3n fluvial en el curso inferior del R\u00edo Carampangue, Regi\u00f3n del Biob\u00edo. Revista Tiempo y Espacio. Vol. 25, 117-135 (Latinindex).<\/p>\n\n\t\t\t<\/div><\/div>\n<div class=\"clear\"><\/div><div class=\"toggle  close\"><h3 class=\"toggle-head-open\"> Libros y cap\u00edtulos de libros <i class=\"tieicon-up\"><\/i><\/h3><h3 class=\"toggle-head-close\"> Libros y cap\u00edtulos de libros <i class=\"tieicon-down\"><\/i><\/h3><div class=\"toggle-content\">\n\t\t\t\n<p>Rojas, O., Latorre, T., Pacheco, F., Araya, M., L\u00f3pez, J.J. (2019). Inundaciones fluviales en cuencas costeras mediterr\u00e1neas de Chile: recurrencia, factores f\u00edsicos y efectos hidrogeomorfol\u00f3gicos de su gesti\u00f3n. Aceptado en GEOLIBRO, PUC<\/p>\n<p style=\"text-align: justify;\">Rojas, O., Zamorano, M.E., Vega, C., Pacheco, F. &amp; Figueroa, R. (2017). Percepci\u00f3n cient\u00edfica de los Servicios Ecosist\u00e9micos en el humedal Los Batros San Pedro de la Paz. En Urbanizaci\u00f3n en Humedal Los Batros, Primera Edici\u00f3n, Urbancost-Cedeus-Universidad de Concepci\u00f3n, Rojas, C et al., eds. P\u00e1gs.: 46-51.<\/p>\n<p style=\"text-align: justify;\">Mart\u00ednez, C. Rojas, C., Rojas, O., Quezada, J., L\u00f3pez, P. &amp; Ruiz, V. (2016). Crecimiento Urbano Sobre Geoformas Costeras de la Llanura de San Pedro, Area Metropolitana de Concepci\u00f3n, En \u201cEn las Costas del Neoliberalismo\u201d, Hidalgo et al., eds. P\u00e1gs:287-312.<\/p>\n<p style=\"text-align: justify;\">Mart\u00ednez, C. Rojas, O. Jaque, E. y Fern\u00e1ndez, A. (2013). Los sistemas naturales integrados en Geograf\u00eda. Texto de Apoyo a la Docencia. Segunda Edici\u00f3n. Impresi\u00f3n Talleres Direcci\u00f3n de Docencia, Universidad de Concepci\u00f3n, 209 pp. I.S.B.N. 978-956-8029-78-4.<\/p>\n<p style=\"text-align: justify;\">Mart\u00ednez, C. Rojas, O. Jaque, E. y Alcantara-Carri\u00f3, J. (editores). (2010). Libro de res\u00famenes VI Seminario Red Iberoamericana en Teledetecci\u00f3n aplicada a la prevenci\u00f3n de riesgos geol\u00f3gicos litorales. Ed. Universidad de Concepci\u00f3n. 25 pp. ISBN 978-956-227-368-8 .<\/p>\n<p style=\"text-align: justify;\">Rojas, O. Mart\u00ednez, C. y Rivas, M. (2012). Evaluaci\u00f3n de la peligrosidad por inundaci\u00f3n fluvial en el curso inferior del rio Maipo \u2013 Regi\u00f3n de Valpara\u00edso, Chile. En Felipe Mu\u00f1oz (Ed.), Memorias II Congreso Regional SRA-LA Sociedad para el An\u00e1lisis de Riesgos Cap\u00edtulo Latinoam\u00e9rica (p. 388). Bogot\u00e1: SRA Latin America. 13 pp..<\/p>\n<p style=\"text-align: justify;\">Mart\u00ednez, C. Rojas, O. Quezada, J. y Belmonte, A. (2012). El riesgo de tsunami en localidades costeras de centro sur de Chile: el caso de caleta Tubul-Raqui. En F. Mu\u00f1oz (Ed.), Memorias II Congreso Regional SRA-LA Sociedad para el An\u00e1lisis de Riesgos Cap\u00edtulo Latinoam\u00e9rica (p. 388). Bogot\u00e1: SRA Latin America. 15 pp.<\/p>\n\n\t\t\t<\/div><\/div>\n","protected":false},"excerpt":{"rendered":"","protected":false},"author":1,"featured_media":0,"parent":0,"menu_order":0,"comment_status":"closed","ping_status":"closed","template":"","meta":{"footnotes":"","_links_to":"","_links_to_target":""},"class_list":["post-945","page","type-page","status-publish","hentry"],"yoast_head":"<!-- This site is optimized with the Yoast SEO plugin v27.5 - https:\/\/yoast.com\/product\/yoast-seo-wordpress\/ -->\n<title>Publicaciones - LARRS<\/title>\n<meta name=\"robots\" content=\"index, follow, max-snippet:-1, max-image-preview:large, max-video-preview:-1\" \/>\n<link rel=\"canonical\" href=\"https:\/\/larrs.cl\/sitio\/publicaciones\/\" \/>\n<meta property=\"og:locale\" content=\"es_ES\" \/>\n<meta property=\"og:type\" content=\"article\" \/>\n<meta property=\"og:title\" content=\"Publicaciones - LARRS\" \/>\n<meta property=\"og:url\" content=\"https:\/\/larrs.cl\/sitio\/publicaciones\/\" \/>\n<meta property=\"og:site_name\" content=\"LARRS\" \/>\n<meta property=\"article:modified_time\" content=\"2023-08-14T00:07:59+00:00\" \/>\n<meta name=\"twitter:card\" content=\"summary_large_image\" \/>\n<meta name=\"twitter:label1\" content=\"Tiempo de lectura\" \/>\n\t<meta name=\"twitter:data1\" content=\"6 minutos\" \/>\n<script type=\"application\/ld+json\" class=\"yoast-schema-graph\">{\"@context\":\"https:\\\/\\\/schema.org\",\"@graph\":[{\"@type\":\"WebPage\",\"@id\":\"https:\\\/\\\/larrs.cl\\\/sitio\\\/publicaciones\\\/\",\"url\":\"https:\\\/\\\/larrs.cl\\\/sitio\\\/publicaciones\\\/\",\"name\":\"Publicaciones - LARRS\",\"isPartOf\":{\"@id\":\"https:\\\/\\\/larrs.cl\\\/sitio\\\/#website\"},\"datePublished\":\"2018-06-23T20:25:20+00:00\",\"dateModified\":\"2023-08-14T00:07:59+00:00\",\"breadcrumb\":{\"@id\":\"https:\\\/\\\/larrs.cl\\\/sitio\\\/publicaciones\\\/#breadcrumb\"},\"inLanguage\":\"es\",\"potentialAction\":[{\"@type\":\"ReadAction\",\"target\":[\"https:\\\/\\\/larrs.cl\\\/sitio\\\/publicaciones\\\/\"]}]},{\"@type\":\"BreadcrumbList\",\"@id\":\"https:\\\/\\\/larrs.cl\\\/sitio\\\/publicaciones\\\/#breadcrumb\",\"itemListElement\":[{\"@type\":\"ListItem\",\"position\":1,\"name\":\"Portada\",\"item\":\"https:\\\/\\\/larrs.cl\\\/sitio\\\/\"},{\"@type\":\"ListItem\",\"position\":2,\"name\":\"Publicaciones\"}]},{\"@type\":\"WebSite\",\"@id\":\"https:\\\/\\\/larrs.cl\\\/sitio\\\/#website\",\"url\":\"https:\\\/\\\/larrs.cl\\\/sitio\\\/\",\"name\":\"LARRS\",\"description\":\"Reducci\u00f3n de riesgos socionaturales\",\"potentialAction\":[{\"@type\":\"SearchAction\",\"target\":{\"@type\":\"EntryPoint\",\"urlTemplate\":\"https:\\\/\\\/larrs.cl\\\/sitio\\\/?s={search_term_string}\"},\"query-input\":{\"@type\":\"PropertyValueSpecification\",\"valueRequired\":true,\"valueName\":\"search_term_string\"}}],\"inLanguage\":\"es\"}]}<\/script>\n<!-- \/ Yoast SEO plugin. -->","yoast_head_json":{"title":"Publicaciones - LARRS","robots":{"index":"index","follow":"follow","max-snippet":"max-snippet:-1","max-image-preview":"max-image-preview:large","max-video-preview":"max-video-preview:-1"},"canonical":"https:\/\/larrs.cl\/sitio\/publicaciones\/","og_locale":"es_ES","og_type":"article","og_title":"Publicaciones - LARRS","og_url":"https:\/\/larrs.cl\/sitio\/publicaciones\/","og_site_name":"LARRS","article_modified_time":"2023-08-14T00:07:59+00:00","twitter_card":"summary_large_image","twitter_misc":{"Tiempo de lectura":"6 minutos"},"schema":{"@context":"https:\/\/schema.org","@graph":[{"@type":"WebPage","@id":"https:\/\/larrs.cl\/sitio\/publicaciones\/","url":"https:\/\/larrs.cl\/sitio\/publicaciones\/","name":"Publicaciones - LARRS","isPartOf":{"@id":"https:\/\/larrs.cl\/sitio\/#website"},"datePublished":"2018-06-23T20:25:20+00:00","dateModified":"2023-08-14T00:07:59+00:00","breadcrumb":{"@id":"https:\/\/larrs.cl\/sitio\/publicaciones\/#breadcrumb"},"inLanguage":"es","potentialAction":[{"@type":"ReadAction","target":["https:\/\/larrs.cl\/sitio\/publicaciones\/"]}]},{"@type":"BreadcrumbList","@id":"https:\/\/larrs.cl\/sitio\/publicaciones\/#breadcrumb","itemListElement":[{"@type":"ListItem","position":1,"name":"Portada","item":"https:\/\/larrs.cl\/sitio\/"},{"@type":"ListItem","position":2,"name":"Publicaciones"}]},{"@type":"WebSite","@id":"https:\/\/larrs.cl\/sitio\/#website","url":"https:\/\/larrs.cl\/sitio\/","name":"LARRS","description":"Reducci\u00f3n de riesgos socionaturales","potentialAction":[{"@type":"SearchAction","target":{"@type":"EntryPoint","urlTemplate":"https:\/\/larrs.cl\/sitio\/?s={search_term_string}"},"query-input":{"@type":"PropertyValueSpecification","valueRequired":true,"valueName":"search_term_string"}}],"inLanguage":"es"}]}},"_links":{"self":[{"href":"https:\/\/larrs.cl\/sitio\/wp-json\/wp\/v2\/pages\/945","targetHints":{"allow":["GET"]}}],"collection":[{"href":"https:\/\/larrs.cl\/sitio\/wp-json\/wp\/v2\/pages"}],"about":[{"href":"https:\/\/larrs.cl\/sitio\/wp-json\/wp\/v2\/types\/page"}],"author":[{"embeddable":true,"href":"https:\/\/larrs.cl\/sitio\/wp-json\/wp\/v2\/users\/1"}],"replies":[{"embeddable":true,"href":"https:\/\/larrs.cl\/sitio\/wp-json\/wp\/v2\/comments?post=945"}],"version-history":[{"count":9,"href":"https:\/\/larrs.cl\/sitio\/wp-json\/wp\/v2\/pages\/945\/revisions"}],"predecessor-version":[{"id":1579,"href":"https:\/\/larrs.cl\/sitio\/wp-json\/wp\/v2\/pages\/945\/revisions\/1579"}],"wp:attachment":[{"href":"https:\/\/larrs.cl\/sitio\/wp-json\/wp\/v2\/media?parent=945"}],"curies":[{"name":"wp","href":"https:\/\/api.w.org\/{rel}","templated":true}]}}