{"id":938,"date":"2018-06-23T20:24:52","date_gmt":"2018-06-23T20:24:52","guid":{"rendered":"https:\/\/larrs.cl\/sitio\/?page_id=938"},"modified":"2020-08-17T20:12:27","modified_gmt":"2020-08-17T20:12:27","slug":"quienes-somos","status":"publish","type":"page","link":"https:\/\/larrs.cl\/sitio\/quienes-somos\/","title":{"rendered":"Qui\u00e9nes Somos"},"content":{"rendered":"<p style=\"text-align: justify;\">El Laboratorio de Reducci\u00f3n de Riesgos Socionaturales (LARRS) estudia principalmente la din\u00e1mica y efectos asociados con peligros de origen natural, en lugares donde la actividad humana puede aumentar su ocurrencia o intensidad m\u00e1s all\u00e1 de sus probabilidades naturales (UNISDR; 2009). Mediante propuestas metodolog\u00edas aplicadas con enfoques tecnol\u00f3gicos genera conocimiento cient\u00edfico para realizar su posterior transferencia a la sociedad, con el objeto de contribuir a la planificaci\u00f3n territorial, reducci\u00f3n de riesgos, manejo de emergencias y desastres. Para cumplir con sus objetivos LARRS posee un equipo interdisciplinario con experiencia y v\u00ednculos nacionales e internacionales.<\/p>\n<p style=\"text-align: justify;\">LARRS inici\u00f3 sus actividades oficialmente en noviembre de 2015 con la adjudicaci\u00f3n del proyecto FONDECYT 11150424 financiado por la Comisi\u00f3n Nacional de Investigaci\u00f3n Cient\u00edfica y Tecnol\u00f3gica (CONICYT). Su equipamiento cient\u00edfico e instalaciones fueron financiadas con aportes del programa FONDECYT, Centro de Ciencias Ambientales EULA-Chile y la Facultad de Ciencias Ambientales (FCA) de la Universidad de Concepci\u00f3n.<\/p>\n<p style=\"text-align: justify;\">Actualmente, el laboratorio se encuentra vinculado al Departamento de Planificaci\u00f3n Territorial y Sistemas Urbanos de la FCA y centro EULA-Chile en la Universidad de Concepci\u00f3n y es dirigido por el Dr. en Ciencias Ambientales Prof. Octavio Rojas, que es miembro activo de la Sociedad de Riesgo Latinoamericana (SRA- Latin America), Sociedad Chilena de Ciencias Geogr\u00e1ficas y de la Sociedad de Ecolog\u00eda del Paisaje (IALE-Chile).<\/p>\n<p><img loading=\"lazy\" class=\"alignleft size-full wp-image-1079\" src=\"https:\/\/larrs.cl\/sitio\/wp-content\/uploads\/2018\/06\/english-version.jpg\" alt=\"\" width=\"40\" height=\"26\" \/><\/p>\n<p style=\"text-align: justify;\"><div class=\"su-accordion su-u-trim\"><div class=\"su-spoiler su-spoiler-style-default su-spoiler-icon- su-spoiler-closed\" data-scroll-offset=\"0\" data-anchor-in-url=\"no\"><div class=\"su-spoiler-title\" tabindex=\"0\" role=\"button\"><span class=\"su-spoiler-icon\"><\/span>Versi\u00f3n en Ingl\u00e9s<\/div><div class=\"su-spoiler-content su-u-clearfix su-u-trim\">\n<p style=\"text-align: justify;\"><strong>About us:<\/strong><\/p>\n<p style=\"text-align: justify;\">The Socio-Natural Risks Reduction Laboratory (LARRS) studies principally the dynamics and effects of natural hazards in places where human activity can increase the occurrence or intensity beyond their natural probabilities (UNISDR; 2009). Through methodological proposes applied with technologic focuses, generates scientific knowledge to be transferred later on to the society within the purpose of contributing to the urban planning, disaster risks reduction, emergencies and disaster management. In order to fulfil its objectives, LARRS is a multidisciplinary research laboratory.<\/p>\n<p style=\"text-align: justify;\">LARRS started its activities officially in November 2015 with the awarding of the project FONDECYT No. 11150424, funded research by the National Commission for Scientific and Technological Research (CONICYT). Its Scientific equipment and facilities were funded with contributions by FONDECYT, EULA-Chile and Faculty of Environmental Sciences of Universidad de Concepci\u00f3n.<\/p>\n<p style=\"text-align: justify;\">Nowadays, the laboratory is located in the Department of Territorial Planning and Urban Systems at Universidad de Concepci\u00f3n. The lead researcher is Octavio Rojas, PhD in Environmental Sciences. He is currently a Professor at Faculty of Environmental Sciences and EULA-Chile Centre (Universidad de Concepci\u00f3n). He is an active member of scientific societies: Latin American Society for Risk Analysis (SRA-Latin America), Chilean Society of Geographical Sciences and the International Association for Landscape Ecology (IALE-Chile).<\/p>\n<\/div><\/div> <\/div>\n<p>&nbsp;<\/p>\n","protected":false},"excerpt":{"rendered":"<p>El Laboratorio de Reducci\u00f3n de Riesgos Socionaturales (LARRS) estudia principalmente la din\u00e1mica y efectos asociados con peligros de origen natural, en lugares donde la actividad humana puede aumentar su ocurrencia o intensidad m\u00e1s all\u00e1 de sus probabilidades naturales (UNISDR; 2009). Mediante propuestas metodolog\u00edas aplicadas con enfoques tecnol\u00f3gicos genera conocimiento cient\u00edfico para realizar su posterior transferencia &#8230;<\/p>\n","protected":false},"author":1,"featured_media":0,"parent":0,"menu_order":0,"comment_status":"closed","ping_status":"closed","template":"","meta":{"_links_to":"","_links_to_target":""},"yoast_head":"<!-- This site is optimized with the Yoast SEO plugin v17.1 - https:\/\/yoast.com\/wordpress\/plugins\/seo\/ -->\n<title>Qui\u00e9nes Somos - LARRS<\/title>\n<meta name=\"robots\" content=\"index, follow, max-snippet:-1, max-image-preview:large, max-video-preview:-1\" \/>\n<link rel=\"canonical\" href=\"https:\/\/larrs.cl\/sitio\/quienes-somos\/\" \/>\n<meta property=\"og:locale\" content=\"es_ES\" \/>\n<meta property=\"og:type\" content=\"article\" \/>\n<meta property=\"og:title\" content=\"Qui\u00e9nes Somos - LARRS\" \/>\n<meta property=\"og:description\" content=\"El Laboratorio de Reducci\u00f3n de Riesgos Socionaturales (LARRS) estudia principalmente la din\u00e1mica y efectos asociados con peligros de origen natural, en lugares donde la actividad humana puede aumentar su ocurrencia o intensidad m\u00e1s all\u00e1 de sus probabilidades naturales (UNISDR; 2009). Mediante propuestas metodolog\u00edas aplicadas con enfoques tecnol\u00f3gicos genera conocimiento cient\u00edfico para realizar su posterior transferencia ...\" \/>\n<meta property=\"og:url\" content=\"https:\/\/larrs.cl\/sitio\/quienes-somos\/\" \/>\n<meta property=\"og:site_name\" content=\"LARRS\" \/>\n<meta property=\"article:modified_time\" content=\"2020-08-17T20:12:27+00:00\" \/>\n<meta property=\"og:image\" content=\"https:\/\/larrs.cl\/sitio\/wp-content\/uploads\/2018\/06\/english-version.jpg\" \/>\n<meta name=\"twitter:card\" content=\"summary_large_image\" \/>\n<meta name=\"twitter:label1\" content=\"Tiempo de lectura\" \/>\n\t<meta name=\"twitter:data1\" content=\"2 minutos\" \/>\n<script type=\"application\/ld+json\" class=\"yoast-schema-graph\">{\"@context\":\"https:\/\/schema.org\",\"@graph\":[{\"@type\":\"WebSite\",\"@id\":\"https:\/\/larrs.cl\/sitio\/#website\",\"url\":\"https:\/\/larrs.cl\/sitio\/\",\"name\":\"LARRS\",\"description\":\"Reducci\\u00f3n de riesgos socionaturales\",\"potentialAction\":[{\"@type\":\"SearchAction\",\"target\":{\"@type\":\"EntryPoint\",\"urlTemplate\":\"https:\/\/larrs.cl\/sitio\/?s={search_term_string}\"},\"query-input\":\"required name=search_term_string\"}],\"inLanguage\":\"es\"},{\"@type\":\"ImageObject\",\"@id\":\"https:\/\/larrs.cl\/sitio\/quienes-somos\/#primaryimage\",\"inLanguage\":\"es\",\"url\":\"https:\/\/larrs.cl\/sitio\/wp-content\/uploads\/2018\/06\/english-version.jpg\",\"contentUrl\":\"https:\/\/larrs.cl\/sitio\/wp-content\/uploads\/2018\/06\/english-version.jpg\",\"width\":40,\"height\":26},{\"@type\":\"WebPage\",\"@id\":\"https:\/\/larrs.cl\/sitio\/quienes-somos\/#webpage\",\"url\":\"https:\/\/larrs.cl\/sitio\/quienes-somos\/\",\"name\":\"Qui\\u00e9nes Somos - LARRS\",\"isPartOf\":{\"@id\":\"https:\/\/larrs.cl\/sitio\/#website\"},\"primaryImageOfPage\":{\"@id\":\"https:\/\/larrs.cl\/sitio\/quienes-somos\/#primaryimage\"},\"datePublished\":\"2018-06-23T20:24:52+00:00\",\"dateModified\":\"2020-08-17T20:12:27+00:00\",\"breadcrumb\":{\"@id\":\"https:\/\/larrs.cl\/sitio\/quienes-somos\/#breadcrumb\"},\"inLanguage\":\"es\",\"potentialAction\":[{\"@type\":\"ReadAction\",\"target\":[\"https:\/\/larrs.cl\/sitio\/quienes-somos\/\"]}]},{\"@type\":\"BreadcrumbList\",\"@id\":\"https:\/\/larrs.cl\/sitio\/quienes-somos\/#breadcrumb\",\"itemListElement\":[{\"@type\":\"ListItem\",\"position\":1,\"name\":\"Portada\",\"item\":\"https:\/\/larrs.cl\/sitio\/\"},{\"@type\":\"ListItem\",\"position\":2,\"name\":\"Qui\\u00e9nes Somos\"}]}]}<\/script>\n<!-- \/ Yoast SEO plugin. -->","yoast_head_json":{"title":"Qui\u00e9nes Somos - LARRS","robots":{"index":"index","follow":"follow","max-snippet":"max-snippet:-1","max-image-preview":"max-image-preview:large","max-video-preview":"max-video-preview:-1"},"canonical":"https:\/\/larrs.cl\/sitio\/quienes-somos\/","og_locale":"es_ES","og_type":"article","og_title":"Qui\u00e9nes Somos - LARRS","og_description":"El Laboratorio de Reducci\u00f3n de Riesgos Socionaturales (LARRS) estudia principalmente la din\u00e1mica y efectos asociados con peligros de origen natural, en lugares donde la actividad humana puede aumentar su ocurrencia o intensidad m\u00e1s all\u00e1 de sus probabilidades naturales (UNISDR; 2009). Mediante propuestas metodolog\u00edas aplicadas con enfoques tecnol\u00f3gicos genera conocimiento cient\u00edfico para realizar su posterior transferencia ...","og_url":"https:\/\/larrs.cl\/sitio\/quienes-somos\/","og_site_name":"LARRS","article_modified_time":"2020-08-17T20:12:27+00:00","og_image":[{"url":"https:\/\/larrs.cl\/sitio\/wp-content\/uploads\/2018\/06\/english-version.jpg"}],"twitter_card":"summary_large_image","twitter_misc":{"Tiempo de lectura":"2 minutos"},"schema":{"@context":"https:\/\/schema.org","@graph":[{"@type":"WebSite","@id":"https:\/\/larrs.cl\/sitio\/#website","url":"https:\/\/larrs.cl\/sitio\/","name":"LARRS","description":"Reducci\u00f3n de riesgos socionaturales","potentialAction":[{"@type":"SearchAction","target":{"@type":"EntryPoint","urlTemplate":"https:\/\/larrs.cl\/sitio\/?s={search_term_string}"},"query-input":"required name=search_term_string"}],"inLanguage":"es"},{"@type":"ImageObject","@id":"https:\/\/larrs.cl\/sitio\/quienes-somos\/#primaryimage","inLanguage":"es","url":"https:\/\/larrs.cl\/sitio\/wp-content\/uploads\/2018\/06\/english-version.jpg","contentUrl":"https:\/\/larrs.cl\/sitio\/wp-content\/uploads\/2018\/06\/english-version.jpg","width":40,"height":26},{"@type":"WebPage","@id":"https:\/\/larrs.cl\/sitio\/quienes-somos\/#webpage","url":"https:\/\/larrs.cl\/sitio\/quienes-somos\/","name":"Qui\u00e9nes Somos - LARRS","isPartOf":{"@id":"https:\/\/larrs.cl\/sitio\/#website"},"primaryImageOfPage":{"@id":"https:\/\/larrs.cl\/sitio\/quienes-somos\/#primaryimage"},"datePublished":"2018-06-23T20:24:52+00:00","dateModified":"2020-08-17T20:12:27+00:00","breadcrumb":{"@id":"https:\/\/larrs.cl\/sitio\/quienes-somos\/#breadcrumb"},"inLanguage":"es","potentialAction":[{"@type":"ReadAction","target":["https:\/\/larrs.cl\/sitio\/quienes-somos\/"]}]},{"@type":"BreadcrumbList","@id":"https:\/\/larrs.cl\/sitio\/quienes-somos\/#breadcrumb","itemListElement":[{"@type":"ListItem","position":1,"name":"Portada","item":"https:\/\/larrs.cl\/sitio\/"},{"@type":"ListItem","position":2,"name":"Qui\u00e9nes Somos"}]}]}},"_links":{"self":[{"href":"https:\/\/larrs.cl\/sitio\/wp-json\/wp\/v2\/pages\/938"}],"collection":[{"href":"https:\/\/larrs.cl\/sitio\/wp-json\/wp\/v2\/pages"}],"about":[{"href":"https:\/\/larrs.cl\/sitio\/wp-json\/wp\/v2\/types\/page"}],"author":[{"embeddable":true,"href":"https:\/\/larrs.cl\/sitio\/wp-json\/wp\/v2\/users\/1"}],"replies":[{"embeddable":true,"href":"https:\/\/larrs.cl\/sitio\/wp-json\/wp\/v2\/comments?post=938"}],"version-history":[{"count":22,"href":"https:\/\/larrs.cl\/sitio\/wp-json\/wp\/v2\/pages\/938\/revisions"}],"predecessor-version":[{"id":1316,"href":"https:\/\/larrs.cl\/sitio\/wp-json\/wp\/v2\/pages\/938\/revisions\/1316"}],"wp:attachment":[{"href":"https:\/\/larrs.cl\/sitio\/wp-json\/wp\/v2\/media?parent=938"}],"curies":[{"name":"wp","href":"https:\/\/api.w.org\/{rel}","templated":true}]}}