{"id":1168,"date":"2018-06-30T01:00:21","date_gmt":"2018-06-30T01:00:21","guid":{"rendered":"https:\/\/larrs.cl\/sitio\/?page_id=1168"},"modified":"2023-08-13T02:02:59","modified_gmt":"2023-08-13T02:02:59","slug":"tesis-postgrado","status":"publish","type":"page","link":"https:\/\/larrs.cl\/sitio\/investigacion\/tesis-postgrado\/","title":{"rendered":"Tesis postgrado"},"content":{"rendered":"<p><strong>En proceso<\/strong><\/p>\n<p>Juan Munizaga. Doctorado en Ciencias Ambientales con menci\u00f3n en sistemas acu\u00e1ticos continentales. Inicio de tesis: a\u00f1o 2021; fecha esperada de cierre: I semestre 2024.<\/p>\n<p>Fabi\u00e1n Pacheco. Doctorado en Ciencias Ambientales con menci\u00f3n en sistemas acu\u00e1ticos continentales. Inicio de tesis: a\u00f1o 2023; fecha esperada de cierre: I semestre 2026.<\/p>\n<p>Claudia Carrasco. Mag\u00edster en Ciencias Ambientales. Inicio de tesis a\u00f1o 2023; fecha esperada de cierre: I semestre 2025.<\/p>\n<p>Catherine Sep\u00falveda. Doctorado en Ciencias Ambientales con menci\u00f3n en sistemas acu\u00e1ticos continentales.Inicio de tesis: a\u00f1o 2023; fecha esperada de cierre: I semestre 2026.<\/p>\n<p>Ignacio Vega. Doctorado en Ciencias Ambientales con menci\u00f3n en sistemas acu\u00e1ticos continentales.Inicio de tesis: a\u00f1o 2023; fecha esperada de cierre: I semestre 2026 (co-gu\u00eda).<\/p>\n<p>Tabata Venegas. <span data-contrast=\"none\">Mag\u00edster en Gesti\u00f3n y<\/span> <span data-contrast=\"none\">Arquitectura Resiliente para la Reducci\u00f3n del Riesgo de Desastre. <\/span><span data-ccp-props=\"{&quot;201341983&quot;:0,&quot;335551550&quot;:2,&quot;335551620&quot;:2,&quot;335559739&quot;:160,&quot;335559740&quot;:259}\">Inicio de tesis a\u00f1o 2023; fecha esperada de cierre: II semestre 2023.<\/span><\/p>\n<p>Amanda Armas. Doctorado en Energ\u00edas. Proyecto de tesis en desarrollo.<\/p>\n<p><strong>Finalizadas<\/strong><\/p>\n<p><em>6. Propuesta de Intervenci\u00f3n de un Sello de \u2018Turismo Seguro\u2019 Frente al Riesgo de Tsunami para el Sector Tur\u00edstico de Dichato, Chile. <\/em>Etienne Reyes Le Blanc. Mag\u00edster en Gesti\u00f3n y Arquitectura Resiliente para la Reducci\u00f3n del Riesgo de Desastre, Universidad de Concepci\u00f3n, A\u00f1o 2022.<\/p>\n<p><em>5. An\u00e1lisis de las variables que influyen en el proceso de evacuaci\u00f3n ante incendio forestal en la zona de interfaz de la comuna de Penco<\/em>. Natalia Jara. Mag\u00edster An\u00e1lisis Geogr\u00e1fico, Universidad de Concepci\u00f3n, A\u00f1o 2021<\/p>\n<p><em>4. Efecto de los cambios de uso\/cobertura de suelo en crecidas del estero Nongu\u00e9n: Mediante calibraci\u00f3n del modelo hidrol\u00f3gico HEC-HMS<\/em>. Claudio Vega. Mag\u00edster An\u00e1lisis Geogr\u00e1fico, Universidad de Concepci\u00f3n, A\u00f1o 2021<\/p>\n<p><em>3. Efecto de M\u00faltiples Estresores sobre los flujos de Carbono y Nitr\u00f3geno en el continuo de una cuenca costera del centro sur de Chile<\/em>. Loreto Arriagada. Doctorado en Ciencias Ambientales con Menci\u00f3n en Sistemas Acu\u00e1ticos Continentales, Universidad de Concepci\u00f3n, A\u00f1o 2020 (Co-Gu\u00eda)<\/p>\n<p><em>2. An\u00e1lisis sedimentol\u00f3gico del Estuario del Andali\u00e9n, regi\u00f3n del Biob\u00edo-Chile<\/em>. Juan Munizaga. Mag\u00edster An\u00e1lisis Geogr\u00e1fico, Universidad de Concepci\u00f3n, A\u00f1o 2018.<\/p>\n<p style=\"text-align: justify;\"><em>1. An\u00e1lisis Morfom\u00e9trico de Cuencas Prioritarias para la Direcci\u00f3n General de Aguas, Regi\u00f3n del Biob\u00edo<\/em>. Marcelo Araya Ojeda. Mag\u00edster en An\u00e1lisis Geogr\u00e1fico. Facultad de Arquitectura, Urbanismo y Geograf\u00eda, Universidad de Concepci\u00f3n. Junio de 2017.<\/p>\n","protected":false},"excerpt":{"rendered":"<p>En proceso Juan Munizaga. Doctorado en Ciencias Ambientales con menci\u00f3n en sistemas acu\u00e1ticos continentales. Inicio de tesis: a\u00f1o 2021; fecha esperada de cierre: I semestre 2024. Fabi\u00e1n Pacheco. Doctorado en Ciencias Ambientales con menci\u00f3n en sistemas acu\u00e1ticos continentales. Inicio de tesis: a\u00f1o 2023; fecha esperada de cierre: I semestre 2026. Claudia Carrasco. Mag\u00edster en Ciencias &#8230;<\/p>\n","protected":false},"author":1,"featured_media":0,"parent":943,"menu_order":0,"comment_status":"closed","ping_status":"closed","template":"","meta":{"footnotes":"","_links_to":"","_links_to_target":""},"class_list":["post-1168","page","type-page","status-publish","hentry"],"yoast_head":"<!-- This site is optimized with the Yoast SEO plugin v27.5 - https:\/\/yoast.com\/product\/yoast-seo-wordpress\/ -->\n<title>Tesis postgrado - LARRS<\/title>\n<meta name=\"robots\" content=\"index, follow, max-snippet:-1, max-image-preview:large, max-video-preview:-1\" \/>\n<link rel=\"canonical\" href=\"https:\/\/larrs.cl\/sitio\/investigacion\/tesis-postgrado\/\" \/>\n<meta property=\"og:locale\" content=\"es_ES\" \/>\n<meta property=\"og:type\" content=\"article\" \/>\n<meta property=\"og:title\" content=\"Tesis postgrado - LARRS\" \/>\n<meta property=\"og:description\" content=\"En proceso Juan Munizaga. Doctorado en Ciencias Ambientales con menci\u00f3n en sistemas acu\u00e1ticos continentales. Inicio de tesis: a\u00f1o 2021; fecha esperada de cierre: I semestre 2024. Fabi\u00e1n Pacheco. Doctorado en Ciencias Ambientales con menci\u00f3n en sistemas acu\u00e1ticos continentales. Inicio de tesis: a\u00f1o 2023; fecha esperada de cierre: I semestre 2026. Claudia Carrasco. Mag\u00edster en Ciencias ...\" \/>\n<meta property=\"og:url\" content=\"https:\/\/larrs.cl\/sitio\/investigacion\/tesis-postgrado\/\" \/>\n<meta property=\"og:site_name\" content=\"LARRS\" \/>\n<meta property=\"article:modified_time\" content=\"2023-08-13T02:02:59+00:00\" \/>\n<meta name=\"twitter:card\" content=\"summary_large_image\" \/>\n<meta name=\"twitter:label1\" content=\"Tiempo de lectura\" \/>\n\t<meta name=\"twitter:data1\" content=\"2 minutos\" \/>\n<script type=\"application\/ld+json\" class=\"yoast-schema-graph\">{\"@context\":\"https:\\\/\\\/schema.org\",\"@graph\":[{\"@type\":\"WebPage\",\"@id\":\"https:\\\/\\\/larrs.cl\\\/sitio\\\/investigacion\\\/tesis-postgrado\\\/\",\"url\":\"https:\\\/\\\/larrs.cl\\\/sitio\\\/investigacion\\\/tesis-postgrado\\\/\",\"name\":\"Tesis postgrado - LARRS\",\"isPartOf\":{\"@id\":\"https:\\\/\\\/larrs.cl\\\/sitio\\\/#website\"},\"datePublished\":\"2018-06-30T01:00:21+00:00\",\"dateModified\":\"2023-08-13T02:02:59+00:00\",\"breadcrumb\":{\"@id\":\"https:\\\/\\\/larrs.cl\\\/sitio\\\/investigacion\\\/tesis-postgrado\\\/#breadcrumb\"},\"inLanguage\":\"es\",\"potentialAction\":[{\"@type\":\"ReadAction\",\"target\":[\"https:\\\/\\\/larrs.cl\\\/sitio\\\/investigacion\\\/tesis-postgrado\\\/\"]}]},{\"@type\":\"BreadcrumbList\",\"@id\":\"https:\\\/\\\/larrs.cl\\\/sitio\\\/investigacion\\\/tesis-postgrado\\\/#breadcrumb\",\"itemListElement\":[{\"@type\":\"ListItem\",\"position\":1,\"name\":\"Portada\",\"item\":\"https:\\\/\\\/larrs.cl\\\/sitio\\\/\"},{\"@type\":\"ListItem\",\"position\":2,\"name\":\"Investigaci\u00f3n\",\"item\":\"\\\/\"},{\"@type\":\"ListItem\",\"position\":3,\"name\":\"Tesis postgrado\"}]},{\"@type\":\"WebSite\",\"@id\":\"https:\\\/\\\/larrs.cl\\\/sitio\\\/#website\",\"url\":\"https:\\\/\\\/larrs.cl\\\/sitio\\\/\",\"name\":\"LARRS\",\"description\":\"Reducci\u00f3n de riesgos socionaturales\",\"potentialAction\":[{\"@type\":\"SearchAction\",\"target\":{\"@type\":\"EntryPoint\",\"urlTemplate\":\"https:\\\/\\\/larrs.cl\\\/sitio\\\/?s={search_term_string}\"},\"query-input\":{\"@type\":\"PropertyValueSpecification\",\"valueRequired\":true,\"valueName\":\"search_term_string\"}}],\"inLanguage\":\"es\"}]}<\/script>\n<!-- \/ Yoast SEO plugin. -->","yoast_head_json":{"title":"Tesis postgrado - LARRS","robots":{"index":"index","follow":"follow","max-snippet":"max-snippet:-1","max-image-preview":"max-image-preview:large","max-video-preview":"max-video-preview:-1"},"canonical":"https:\/\/larrs.cl\/sitio\/investigacion\/tesis-postgrado\/","og_locale":"es_ES","og_type":"article","og_title":"Tesis postgrado - LARRS","og_description":"En proceso Juan Munizaga. Doctorado en Ciencias Ambientales con menci\u00f3n en sistemas acu\u00e1ticos continentales. Inicio de tesis: a\u00f1o 2021; fecha esperada de cierre: I semestre 2024. Fabi\u00e1n Pacheco. Doctorado en Ciencias Ambientales con menci\u00f3n en sistemas acu\u00e1ticos continentales. Inicio de tesis: a\u00f1o 2023; fecha esperada de cierre: I semestre 2026. Claudia Carrasco. Mag\u00edster en Ciencias ...","og_url":"https:\/\/larrs.cl\/sitio\/investigacion\/tesis-postgrado\/","og_site_name":"LARRS","article_modified_time":"2023-08-13T02:02:59+00:00","twitter_card":"summary_large_image","twitter_misc":{"Tiempo de lectura":"2 minutos"},"schema":{"@context":"https:\/\/schema.org","@graph":[{"@type":"WebPage","@id":"https:\/\/larrs.cl\/sitio\/investigacion\/tesis-postgrado\/","url":"https:\/\/larrs.cl\/sitio\/investigacion\/tesis-postgrado\/","name":"Tesis postgrado - LARRS","isPartOf":{"@id":"https:\/\/larrs.cl\/sitio\/#website"},"datePublished":"2018-06-30T01:00:21+00:00","dateModified":"2023-08-13T02:02:59+00:00","breadcrumb":{"@id":"https:\/\/larrs.cl\/sitio\/investigacion\/tesis-postgrado\/#breadcrumb"},"inLanguage":"es","potentialAction":[{"@type":"ReadAction","target":["https:\/\/larrs.cl\/sitio\/investigacion\/tesis-postgrado\/"]}]},{"@type":"BreadcrumbList","@id":"https:\/\/larrs.cl\/sitio\/investigacion\/tesis-postgrado\/#breadcrumb","itemListElement":[{"@type":"ListItem","position":1,"name":"Portada","item":"https:\/\/larrs.cl\/sitio\/"},{"@type":"ListItem","position":2,"name":"Investigaci\u00f3n","item":"\/"},{"@type":"ListItem","position":3,"name":"Tesis postgrado"}]},{"@type":"WebSite","@id":"https:\/\/larrs.cl\/sitio\/#website","url":"https:\/\/larrs.cl\/sitio\/","name":"LARRS","description":"Reducci\u00f3n de riesgos socionaturales","potentialAction":[{"@type":"SearchAction","target":{"@type":"EntryPoint","urlTemplate":"https:\/\/larrs.cl\/sitio\/?s={search_term_string}"},"query-input":{"@type":"PropertyValueSpecification","valueRequired":true,"valueName":"search_term_string"}}],"inLanguage":"es"}]}},"_links":{"self":[{"href":"https:\/\/larrs.cl\/sitio\/wp-json\/wp\/v2\/pages\/1168","targetHints":{"allow":["GET"]}}],"collection":[{"href":"https:\/\/larrs.cl\/sitio\/wp-json\/wp\/v2\/pages"}],"about":[{"href":"https:\/\/larrs.cl\/sitio\/wp-json\/wp\/v2\/types\/page"}],"author":[{"embeddable":true,"href":"https:\/\/larrs.cl\/sitio\/wp-json\/wp\/v2\/users\/1"}],"replies":[{"embeddable":true,"href":"https:\/\/larrs.cl\/sitio\/wp-json\/wp\/v2\/comments?post=1168"}],"version-history":[{"count":11,"href":"https:\/\/larrs.cl\/sitio\/wp-json\/wp\/v2\/pages\/1168\/revisions"}],"predecessor-version":[{"id":1553,"href":"https:\/\/larrs.cl\/sitio\/wp-json\/wp\/v2\/pages\/1168\/revisions\/1553"}],"up":[{"embeddable":true,"href":"https:\/\/larrs.cl\/sitio\/wp-json\/wp\/v2\/pages\/943"}],"wp:attachment":[{"href":"https:\/\/larrs.cl\/sitio\/wp-json\/wp\/v2\/media?parent=1168"}],"curies":[{"name":"wp","href":"https:\/\/api.w.org\/{rel}","templated":true}]}}