{"id":1161,"date":"2018-06-30T00:51:57","date_gmt":"2018-06-30T00:51:57","guid":{"rendered":"https:\/\/larrs.cl\/sitio\/?page_id=1161"},"modified":"2021-10-04T21:12:57","modified_gmt":"2021-10-04T21:12:57","slug":"proyectos","status":"publish","type":"page","link":"https:\/\/larrs.cl\/sitio\/investigacion\/proyectos\/","title":{"rendered":"Proyectos"},"content":{"rendered":"<p><span style=\"color: #ff6600;\"><strong>PROYECTOS:<\/strong><\/span><\/p>\n<div class=\"clear\"><\/div><div class=\"toggle  close\"><h3 class=\"toggle-head-open\"> Fondecyt Regular 1212032 \u201cEscenarios de inundaciones fluviales en un contexto de cambio clim\u00e1tico y de uso de suelo en cuencas hidrogr\u00e1ficas del centro-sur de chile: aportes para una planificaci\u00f3n urbana sostenible\u201d (2021-2024)<i class=\"tieicon-up\"><\/i><\/h3><h3 class=\"toggle-head-close\"> Fondecyt Regular 1212032 \u201cEscenarios de inundaciones fluviales en un contexto de cambio clim\u00e1tico y de uso de suelo en cuencas hidrogr\u00e1ficas del centro-sur de chile: aportes para una planificaci\u00f3n urbana sostenible\u201d (2021-2024)<i class=\"tieicon-down\"><\/i><\/h3><div class=\"toggle-content\">\n\t\t\t\n<p style=\"text-align: justify;\"><strong>Investigador Responsable:<\/strong> Dr. Octavio Rojas<\/p>\n<p style=\"text-align: justify;\"><strong>Investigadores colaboradores:<\/strong> Dra. Alejandra Stehr, Dr. Mauricio Aguayo, Dra. Mar\u00eda Mardones, Mg. Carolina Arriagada, Dra. Katia S\u00e1ez<\/p>\n<p style=\"text-align: justify;\"><strong>Objetivo general:\u00a0<\/strong>Evaluar escenarios de inundaciones fluviales bajo un contexto de cambio clim\u00e1tico y cambios de uso de suelo en cuencas del centro-Sur de Chile al a\u00f1o 2050, con el objeto de proponer criterios para una planificaci\u00f3n urbana sostenible que incorpore el enfoque de infraestructura verde.<\/p>\n\n\t\t\t<\/div><\/div>\n<div class=\"clear\"><\/div><div class=\"toggle  close\"><h3 class=\"toggle-head-open\"> FONIS SA20I0142 \u201cEvaluar la implementaci\u00f3n del enfoque PSA y PSS en comunidades rurales de la Regi\u00f3n del Biob\u00edo, para la prevenci\u00f3n de enfermedades relacionadas con el agua<i class=\"tieicon-up\"><\/i><\/h3><h3 class=\"toggle-head-close\"> FONIS SA20I0142 \u201cEvaluar la implementaci\u00f3n del enfoque PSA y PSS en comunidades rurales de la Regi\u00f3n del Biob\u00edo, para la prevenci\u00f3n de enfermedades relacionadas con el agua<i class=\"tieicon-down\"><\/i><\/h3><div class=\"toggle-content\">\n\t\t\t\n<p style=\"text-align: justify;\"><strong>Investigador Responsable:<\/strong> Dr. Carolina Baeza<\/p>\n<p style=\"text-align: justify;\"><strong>Investigadores colaboradores:<\/strong> Dra. Patricia Gonz\u00e1lez, Dra. Ana Mar\u00eda Moraga, Dr.\u00a0Alfred Armin Rossner, Dr. Octavio Rojas, Dr. Robinson Torres.<\/p>\n<p style=\"text-align: justify;\"><strong>Objetivo general: <\/strong>Evaluar la implementaci\u00f3n de los PSA y PSS en comunidades rurales de la regi\u00f3n del Biob\u00edo.<\/p>\n\n\t\t\t<\/div><\/div>\n<div class=\"clear\"><\/div><div class=\"toggle  close\"><h3 class=\"toggle-head-open\"> Fondecyt  Postdoctorado 3200891 \u201cEfectos del cambio de uso de suelo y variabilidad clim\u00e1tica en la sostenibilidad de la huella h\u00eddrica de cuencas con vocaci\u00f3n agr\u00edcola y forestal de la zona Central de Chile\u201d (2020-2022)<i class=\"tieicon-up\"><\/i><\/h3><h3 class=\"toggle-head-close\"> Fondecyt  Postdoctorado 3200891 \u201cEfectos del cambio de uso de suelo y variabilidad clim\u00e1tica en la sostenibilidad de la huella h\u00eddrica de cuencas con vocaci\u00f3n agr\u00edcola y forestal de la zona Central de Chile\u201d (2020-2022)<i class=\"tieicon-down\"><\/i><\/h3><div class=\"toggle-content\">\n\t\t\t\n<p style=\"text-align: justify;\"><strong>Investigador Responsable:<\/strong> Dra. Vanessa Novoa<\/p>\n<p style=\"text-align: justify;\"><strong>Investigadores Patrocinante:<\/strong> Dr. Octavio Rojas<\/p>\n<p style=\"text-align: justify;\"><strong>Objetivo general:<\/strong>\u00a0 Evaluar la sostenibilidad de la huella h\u00eddrica azul (WFSazul) y verde (WFSverde) de acuerdo a la variabilidad clim\u00e1tica y cambios de uso de suelo, estableciendo la vinculaci\u00f3n entre el consumo de agua para la producci\u00f3n agr\u00edcola (WFagr\u00edcola) y forestal (WFforestal) en cuencas de la zona Central de Chile para contribuir en la Gesti\u00f3n Integrada de los Recursos H\u00eddricos.<\/p>\n\n\t\t\t<\/div><\/div>\n<div class=\"clear\"><\/div><div class=\"toggle  close\"><h3 class=\"toggle-head-open\"> Fondecyt Regular 1190251 \u201cEfectos de urbanizaci\u00f3n y accesibilidad en los Humedales Urbanos del \u00e1rea metropolitana de Concepci\u00f3n\u201d (2019-2022)<i class=\"tieicon-up\"><\/i><\/h3><h3 class=\"toggle-head-close\"> Fondecyt Regular 1190251 \u201cEfectos de urbanizaci\u00f3n y accesibilidad en los Humedales Urbanos del \u00e1rea metropolitana de Concepci\u00f3n\u201d (2019-2022)<i class=\"tieicon-down\"><\/i><\/h3><div class=\"toggle-content\">\n\t\t\t\n<p style=\"text-align: justify;\"><strong>Investigador Responsable:<\/strong> Dra. Carolina Rojas<\/p>\n<p style=\"text-align: justify;\"><strong>Investigadores colaboradores:<\/strong> Dr. Octavio Rojas, Dra. Paula Villagra, Dra. Carolina Mart\u00ednez<\/p>\n<p style=\"text-align: justify;\"><strong>Objetivo general:<\/strong> Analizar c\u00f3mo la expansi\u00f3n en ciudades del \u00e1rea metropolitana de Concepci\u00f3n en diferentes tejidos urbanos organizados en tipolog\u00edas de barrios m\u00e1s su respectiva accesibilidad a los humedales urbanos, interact\u00faan y afectan la p\u00e9rdida de superficie, percepci\u00f3n de la provisi\u00f3n de servicios ecosist\u00e9micos y mitigaci\u00f3n de las inundaciones para as\u00ed establecer criterios de integraci\u00f3n de los beneficios de la naturaleza de estos ecosistemas, en pro de un desarrollo urbano sustentable y resiliente<\/p>\n<p style=\"text-align: justify;\"><strong>Objetivos espec\u00edficos:<\/strong>\u00a0Caracterizar los procesos y tipolog\u00edas de urbanizaci\u00f3n mediante tejidos urbanos circundantes y sobre los humedales urbanos del AMC, presionados por la construcci\u00f3n de viviendas y\/o infraestructuras de transporte en base a su distribuci\u00f3n geogr\u00e1fica.<\/p>\n<p style=\"text-align: justify;\">Evaluar el servicio ecosist\u00e9mico de mitigaci\u00f3n de inundaciones de los humedales urbanos, y su interrelaci\u00f3n espacial entre las \u00e1reas de inundaci\u00f3n y las tipolog\u00edas de urbanizaci\u00f3n.<\/p>\n<p style=\"text-align: justify;\">Medir los efectos de la accesibilidad a los humedales urbanos seg\u00fan densificaci\u00f3n de las tipolog\u00edas de urbanizaci\u00f3n y zonas de inundaci\u00f3n.<\/p>\n<p style=\"text-align: justify;\">Evaluar los efectos de la urbanizaci\u00f3n y la accesibilidad en la percepci\u00f3n social de los servicios ecosist\u00e9micos de los humedales urbanos.<\/p>\n<p style=\"text-align: justify;\">Elaborar criterios de dise\u00f1o urbano en base a los efectos de tipolog\u00edas de urbanizaci\u00f3n, resultados de percepci\u00f3n social y zonas de inundaci\u00f3n para mejorar la integraci\u00f3n de los humedales urbanos a los tejidos, aprovechando las ventajas de su accesibilidad para el uso recreacional y protecci\u00f3n de sus habitantes.<\/p>\n\n\t\t\t<\/div><\/div>\n<div class=\"clear\"><\/div><div class=\"toggle  close\"><h3 class=\"toggle-head-open\"> Fondecyt  Iniciaci\u00f3n 11150424 \u201cEfectos de las modificaciones de cauces fluviales y cambios de uso del suelo en la generaci\u00f3n de inundaciones fluviales en una cuenca costera mediterr\u00e1nea de Chile centro-sur\u201d (2015-2018)<i class=\"tieicon-up\"><\/i><\/h3><h3 class=\"toggle-head-close\"> Fondecyt  Iniciaci\u00f3n 11150424 \u201cEfectos de las modificaciones de cauces fluviales y cambios de uso del suelo en la generaci\u00f3n de inundaciones fluviales en una cuenca costera mediterr\u00e1nea de Chile centro-sur\u201d (2015-2018)<i class=\"tieicon-down\"><\/i><\/h3><div class=\"toggle-content\">\n\t\t\t\n<p style=\"text-align: justify;\"><strong>Investigador Responsable:<\/strong> Dr. Octavio Rojas Vilches<\/p>\n<p style=\"text-align: justify;\"><strong>Investigadores colaboradores:<\/strong> Dr. Wenceslao Plata Rocha (M\u00e9xico), Dr. Javier L\u00f3pez Rodr\u00edguez (Espa\u00f1a).<\/p>\n<p style=\"text-align: justify;\"><strong>Objetivo general:<\/strong> Evaluar el impacto de las intervenciones del cauce del r\u00edo y cambios de coberturas\/usos de suelo en la cuenca costera del r\u00edo Andali\u00e9n, sobre los procesos de inundaciones fluviales, con la finalidad de contribuir a la gesti\u00f3n integrada de las inundaciones y a la planificaci\u00f3n territorial.<\/p>\n<p style=\"text-align: justify;\"><strong>Objetivos espec\u00edficos:<\/strong> Determinar la incidencia de las modificaciones del cauce recientes (2014-2016) sobre la intrusi\u00f3n de la marea din\u00e1mica y de salinidad y sus efectos sobre las inundaciones.<\/p>\n<p style=\"text-align: justify;\">Describir y analizar los cambios de coberturas\/usos del suelo en el per\u00edodo 1975-2017.<\/p>\n<p style=\"text-align: justify;\">Establecer la relaci\u00f3n de los cambios de uso del suelo sobre la escorrent\u00eda directa, ocurrencia de eventos de inundaci\u00f3n y tiempos de respuesta del sistema ante eventos de igual o similar intensidad de precipitaci\u00f3n en el per\u00edodo 1975-2017.<\/p>\n<p style=\"text-align: justify;\">Analizar las implicancias de futuros escenarios de cambios de uso de suelo sobre el r\u00e9gimen de inundaciones extremas, para contribuir en la gesti\u00f3n de la cuenca en un contexto de gesti\u00f3n integrada de inundaciones y planificaci\u00f3n territorial.<\/p>\n\n\t\t\t<\/div><\/div>\n<div class=\"clear\"><\/div><div class=\"toggle  close\"><h3 class=\"toggle-head-open\"> Analysis of disaster risk mitigation measures in rural communities in Chile (2017-2019)<i class=\"tieicon-up\"><\/i><\/h3><h3 class=\"toggle-head-close\"> Analysis of disaster risk mitigation measures in rural communities in Chile (2017-2019)<i class=\"tieicon-down\"><\/i><\/h3><div class=\"toggle-content\">\n\t\t\t\n<p style=\"text-align: justify;\"><strong>Investigador Responsable:<\/strong> Dr. Silvia Hostettler (EPFL, Suiza)<\/p>\n<p style=\"text-align: justify;\"><strong>Investigadores colaboradores (Chile):<\/strong> Dr. Alejandra Stehr, Dr. Octavio Rojas.<\/p>\n<p style=\"text-align: justify;\"><strong>Preguntas de investigaci\u00f3n:<\/strong> What are the positive and negative impacts that resilience measures can have on vulnerable communities? What are the key trade-offs to be made in order to increase resilience and render livelihoods more sustainable? How effective are community-based soil-bioengineering techniques for reducing landslide risks?<\/p>\n<p style=\"text-align: justify;\">Proyecto de Cooperaci\u00f3n Centro de Cooperaci\u00f3n y Desarrollo (CODEV) de la Escuela Polit\u00e9cnica Federal de Lausana (EPFL) -Universidad de Concepci\u00f3n (Centro en Ciencias Ambientales EULA-Chile) y Universidad de Los Andes (Colombia).<\/p>\n\n\t\t\t<\/div><\/div>\n<div class=\"clear\"><\/div><div class=\"toggle  close\"><h3 class=\"toggle-head-open\"> Fondecyt Regular 1150459 \u201cEfectos de la Urbanizaci\u00f3n en la conservaci\u00f3n de la Biodiversidad de Humedales Costeros (URBANCOST)\u201d (2015-2018)<i class=\"tieicon-up\"><\/i><\/h3><h3 class=\"toggle-head-close\"> Fondecyt Regular 1150459 \u201cEfectos de la Urbanizaci\u00f3n en la conservaci\u00f3n de la Biodiversidad de Humedales Costeros (URBANCOST)\u201d (2015-2018)<i class=\"tieicon-down\"><\/i><\/h3><div class=\"toggle-content\">\n\t\t\t\n<p style=\"text-align: justify;\"><strong>Investigador Responsable:<\/strong> Dra. Carolina Rojas Quezada<\/p>\n<p style=\"text-align: justify;\"><strong>Co-Investigadores:<\/strong> Dra. Carolina Mart\u00ednez Reyes, Dr. Paula Villagra Islas, Dr. Octavio Rojas Vilches<\/p>\n<p style=\"text-align: justify;\"><strong>Objetivo General:<\/strong> Identificar y analizar los patrones de urbanizaci\u00f3n y sus efectos en las potenciales modificaciones de la biodiversidad en los humedales costeros de Rocuant-Andali\u00e9n y Los Batros en el \u00c1rea metropolitana de Concepcion y Tubul-Raqui en Arauco, con la finalidad de orientar lineamientos para su conservaci\u00f3n en una planificaci\u00f3n urbana m\u00e1s orientada al desarrollo urbano sustentable. (sitio web <a href=\"http:\/\/www.urbancost.cl\" target=\"_blank\" rel=\"noopener\">www.urbancost.cl<\/a>)<\/p>\n\n\t\t\t<\/div><\/div>\n","protected":false},"excerpt":{"rendered":"<p>PROYECTOS:<\/p>\n","protected":false},"author":1,"featured_media":0,"parent":943,"menu_order":0,"comment_status":"closed","ping_status":"closed","template":"","meta":{"footnotes":"","_links_to":"","_links_to_target":""},"class_list":["post-1161","page","type-page","status-publish","hentry"],"yoast_head":"<!-- This site is optimized with the Yoast SEO plugin v27.5 - https:\/\/yoast.com\/product\/yoast-seo-wordpress\/ -->\n<title>Proyectos - LARRS<\/title>\n<meta name=\"robots\" content=\"index, follow, max-snippet:-1, max-image-preview:large, max-video-preview:-1\" \/>\n<link rel=\"canonical\" href=\"https:\/\/larrs.cl\/sitio\/investigacion\/proyectos\/\" \/>\n<meta property=\"og:locale\" content=\"es_ES\" \/>\n<meta property=\"og:type\" content=\"article\" \/>\n<meta property=\"og:title\" content=\"Proyectos - LARRS\" \/>\n<meta property=\"og:description\" content=\"PROYECTOS:\" \/>\n<meta property=\"og:url\" content=\"https:\/\/larrs.cl\/sitio\/investigacion\/proyectos\/\" \/>\n<meta property=\"og:site_name\" content=\"LARRS\" \/>\n<meta property=\"article:modified_time\" content=\"2021-10-04T21:12:57+00:00\" \/>\n<meta name=\"twitter:card\" content=\"summary_large_image\" \/>\n<meta name=\"twitter:label1\" content=\"Tiempo de lectura\" \/>\n\t<meta name=\"twitter:data1\" content=\"5 minutos\" \/>\n<script type=\"application\/ld+json\" class=\"yoast-schema-graph\">{\"@context\":\"https:\\\/\\\/schema.org\",\"@graph\":[{\"@type\":\"WebPage\",\"@id\":\"https:\\\/\\\/larrs.cl\\\/sitio\\\/investigacion\\\/proyectos\\\/\",\"url\":\"https:\\\/\\\/larrs.cl\\\/sitio\\\/investigacion\\\/proyectos\\\/\",\"name\":\"Proyectos - LARRS\",\"isPartOf\":{\"@id\":\"https:\\\/\\\/larrs.cl\\\/sitio\\\/#website\"},\"datePublished\":\"2018-06-30T00:51:57+00:00\",\"dateModified\":\"2021-10-04T21:12:57+00:00\",\"breadcrumb\":{\"@id\":\"https:\\\/\\\/larrs.cl\\\/sitio\\\/investigacion\\\/proyectos\\\/#breadcrumb\"},\"inLanguage\":\"es\",\"potentialAction\":[{\"@type\":\"ReadAction\",\"target\":[\"https:\\\/\\\/larrs.cl\\\/sitio\\\/investigacion\\\/proyectos\\\/\"]}]},{\"@type\":\"BreadcrumbList\",\"@id\":\"https:\\\/\\\/larrs.cl\\\/sitio\\\/investigacion\\\/proyectos\\\/#breadcrumb\",\"itemListElement\":[{\"@type\":\"ListItem\",\"position\":1,\"name\":\"Portada\",\"item\":\"https:\\\/\\\/larrs.cl\\\/sitio\\\/\"},{\"@type\":\"ListItem\",\"position\":2,\"name\":\"Investigaci\u00f3n\",\"item\":\"\\\/\"},{\"@type\":\"ListItem\",\"position\":3,\"name\":\"Proyectos\"}]},{\"@type\":\"WebSite\",\"@id\":\"https:\\\/\\\/larrs.cl\\\/sitio\\\/#website\",\"url\":\"https:\\\/\\\/larrs.cl\\\/sitio\\\/\",\"name\":\"LARRS\",\"description\":\"Reducci\u00f3n de riesgos socionaturales\",\"potentialAction\":[{\"@type\":\"SearchAction\",\"target\":{\"@type\":\"EntryPoint\",\"urlTemplate\":\"https:\\\/\\\/larrs.cl\\\/sitio\\\/?s={search_term_string}\"},\"query-input\":{\"@type\":\"PropertyValueSpecification\",\"valueRequired\":true,\"valueName\":\"search_term_string\"}}],\"inLanguage\":\"es\"}]}<\/script>\n<!-- \/ Yoast SEO plugin. -->","yoast_head_json":{"title":"Proyectos - LARRS","robots":{"index":"index","follow":"follow","max-snippet":"max-snippet:-1","max-image-preview":"max-image-preview:large","max-video-preview":"max-video-preview:-1"},"canonical":"https:\/\/larrs.cl\/sitio\/investigacion\/proyectos\/","og_locale":"es_ES","og_type":"article","og_title":"Proyectos - LARRS","og_description":"PROYECTOS:","og_url":"https:\/\/larrs.cl\/sitio\/investigacion\/proyectos\/","og_site_name":"LARRS","article_modified_time":"2021-10-04T21:12:57+00:00","twitter_card":"summary_large_image","twitter_misc":{"Tiempo de lectura":"5 minutos"},"schema":{"@context":"https:\/\/schema.org","@graph":[{"@type":"WebPage","@id":"https:\/\/larrs.cl\/sitio\/investigacion\/proyectos\/","url":"https:\/\/larrs.cl\/sitio\/investigacion\/proyectos\/","name":"Proyectos - LARRS","isPartOf":{"@id":"https:\/\/larrs.cl\/sitio\/#website"},"datePublished":"2018-06-30T00:51:57+00:00","dateModified":"2021-10-04T21:12:57+00:00","breadcrumb":{"@id":"https:\/\/larrs.cl\/sitio\/investigacion\/proyectos\/#breadcrumb"},"inLanguage":"es","potentialAction":[{"@type":"ReadAction","target":["https:\/\/larrs.cl\/sitio\/investigacion\/proyectos\/"]}]},{"@type":"BreadcrumbList","@id":"https:\/\/larrs.cl\/sitio\/investigacion\/proyectos\/#breadcrumb","itemListElement":[{"@type":"ListItem","position":1,"name":"Portada","item":"https:\/\/larrs.cl\/sitio\/"},{"@type":"ListItem","position":2,"name":"Investigaci\u00f3n","item":"\/"},{"@type":"ListItem","position":3,"name":"Proyectos"}]},{"@type":"WebSite","@id":"https:\/\/larrs.cl\/sitio\/#website","url":"https:\/\/larrs.cl\/sitio\/","name":"LARRS","description":"Reducci\u00f3n de riesgos socionaturales","potentialAction":[{"@type":"SearchAction","target":{"@type":"EntryPoint","urlTemplate":"https:\/\/larrs.cl\/sitio\/?s={search_term_string}"},"query-input":{"@type":"PropertyValueSpecification","valueRequired":true,"valueName":"search_term_string"}}],"inLanguage":"es"}]}},"_links":{"self":[{"href":"https:\/\/larrs.cl\/sitio\/wp-json\/wp\/v2\/pages\/1161","targetHints":{"allow":["GET"]}}],"collection":[{"href":"https:\/\/larrs.cl\/sitio\/wp-json\/wp\/v2\/pages"}],"about":[{"href":"https:\/\/larrs.cl\/sitio\/wp-json\/wp\/v2\/types\/page"}],"author":[{"embeddable":true,"href":"https:\/\/larrs.cl\/sitio\/wp-json\/wp\/v2\/users\/1"}],"replies":[{"embeddable":true,"href":"https:\/\/larrs.cl\/sitio\/wp-json\/wp\/v2\/comments?post=1161"}],"version-history":[{"count":22,"href":"https:\/\/larrs.cl\/sitio\/wp-json\/wp\/v2\/pages\/1161\/revisions"}],"predecessor-version":[{"id":1474,"href":"https:\/\/larrs.cl\/sitio\/wp-json\/wp\/v2\/pages\/1161\/revisions\/1474"}],"up":[{"embeddable":true,"href":"https:\/\/larrs.cl\/sitio\/wp-json\/wp\/v2\/pages\/943"}],"wp:attachment":[{"href":"https:\/\/larrs.cl\/sitio\/wp-json\/wp\/v2\/media?parent=1161"}],"curies":[{"name":"wp","href":"https:\/\/api.w.org\/{rel}","templated":true}]}}