{"id":1159,"date":"2018-06-30T00:51:35","date_gmt":"2018-06-30T00:51:35","guid":{"rendered":"https:\/\/larrs.cl\/sitio\/?page_id=1159"},"modified":"2018-06-30T00:54:38","modified_gmt":"2018-06-30T00:54:38","slug":"lineas","status":"publish","type":"page","link":"https:\/\/larrs.cl\/sitio\/investigacion\/lineas\/","title":{"rendered":"L\u00edneas"},"content":{"rendered":"<p style=\"text-align: justify;\"><span style=\"color: #ff6600;\"><strong>L\u00cdNEAS DE INVESTIGACI\u00d3N:<\/strong><\/span><\/p>\n<p style=\"text-align: justify;\">El Laboratorio de Reducci\u00f3n de Riesgos Socionaturales (LARRS) realiza su investigaci\u00f3n centrada en 4 \u00e1reas prioritarias:<\/p>\n<p style=\"text-align: justify;\"><strong>1) Riesgos hidrometeorol\u00f3gicos:<\/strong>Principalmente aborda la din\u00e1mica vinculada a procesos de inundaciones fluviales, referente con: i) an\u00e1lisis de factores condicionantes y detonantes, ii) an\u00e1lisis de tendencias, iii) factores de cambio asociados al cambio ambiental global.<\/p>\n<p style=\"text-align: justify;\"><strong>2) Vulnerabilidad y resiliencia:<\/strong>Analiza los factores de la vulnerabilidad y elementos de resiliencia de asentamientos humanos y comunidades frente a diversos tipos de riesgos.<\/p>\n<p style=\"text-align: justify;\"><strong>3) Servicios ecosist\u00e9micos (S.E) de regulaci\u00f3n:<\/strong>Estudiamos los S.E. de regulaci\u00f3n de desastres en diferentes ecosistemas, basado en: i) estudios de percepci\u00f3n de las comunidades, ii) modelaciones hidrol\u00f3gicas y datos de campo.<\/p>\n<p style=\"text-align: justify;\"><strong>4) Geomorfolog\u00eda fluvial:<\/strong>Busca evaluar cambios geomorfol\u00f3gicos recientes vinculados al impacto que generan las actividades antr\u00f3picas en los sistemas fluviales.<\/p>\n","protected":false},"excerpt":{"rendered":"<p>L\u00cdNEAS DE INVESTIGACI\u00d3N: El Laboratorio de Reducci\u00f3n de Riesgos Socionaturales (LARRS) realiza su investigaci\u00f3n centrada en 4 \u00e1reas prioritarias: 1) Riesgos hidrometeorol\u00f3gicos:Principalmente aborda la din\u00e1mica vinculada a procesos de inundaciones fluviales, referente con: i) an\u00e1lisis de factores condicionantes y detonantes, ii) an\u00e1lisis de tendencias, iii) factores de cambio asociados al cambio ambiental global. 2) Vulnerabilidad &#8230;<\/p>\n","protected":false},"author":1,"featured_media":0,"parent":943,"menu_order":0,"comment_status":"closed","ping_status":"closed","template":"","meta":{"_links_to":"","_links_to_target":""},"yoast_head":"<!-- This site is optimized with the Yoast SEO plugin v17.1 - https:\/\/yoast.com\/wordpress\/plugins\/seo\/ -->\n<title>L\u00edneas - LARRS<\/title>\n<meta name=\"robots\" content=\"index, follow, max-snippet:-1, max-image-preview:large, max-video-preview:-1\" \/>\n<link rel=\"canonical\" href=\"https:\/\/larrs.cl\/sitio\/investigacion\/lineas\/\" \/>\n<meta property=\"og:locale\" content=\"es_ES\" \/>\n<meta property=\"og:type\" content=\"article\" \/>\n<meta property=\"og:title\" content=\"L\u00edneas - LARRS\" \/>\n<meta property=\"og:description\" content=\"L\u00cdNEAS DE INVESTIGACI\u00d3N: El Laboratorio de Reducci\u00f3n de Riesgos Socionaturales (LARRS) realiza su investigaci\u00f3n centrada en 4 \u00e1reas prioritarias: 1) Riesgos hidrometeorol\u00f3gicos:Principalmente aborda la din\u00e1mica vinculada a procesos de inundaciones fluviales, referente con: i) an\u00e1lisis de factores condicionantes y detonantes, ii) an\u00e1lisis de tendencias, iii) factores de cambio asociados al cambio ambiental global. 2) Vulnerabilidad ...\" \/>\n<meta property=\"og:url\" content=\"https:\/\/larrs.cl\/sitio\/investigacion\/lineas\/\" \/>\n<meta property=\"og:site_name\" content=\"LARRS\" \/>\n<meta property=\"article:modified_time\" content=\"2018-06-30T00:54:38+00:00\" \/>\n<meta name=\"twitter:card\" content=\"summary_large_image\" \/>\n<meta name=\"twitter:label1\" content=\"Tiempo de lectura\" \/>\n\t<meta name=\"twitter:data1\" content=\"1 minuto\" \/>\n<script type=\"application\/ld+json\" class=\"yoast-schema-graph\">{\"@context\":\"https:\/\/schema.org\",\"@graph\":[{\"@type\":\"WebSite\",\"@id\":\"https:\/\/larrs.cl\/sitio\/#website\",\"url\":\"https:\/\/larrs.cl\/sitio\/\",\"name\":\"LARRS\",\"description\":\"Reducci\\u00f3n de riesgos socionaturales\",\"potentialAction\":[{\"@type\":\"SearchAction\",\"target\":{\"@type\":\"EntryPoint\",\"urlTemplate\":\"https:\/\/larrs.cl\/sitio\/?s={search_term_string}\"},\"query-input\":\"required name=search_term_string\"}],\"inLanguage\":\"es\"},{\"@type\":\"WebPage\",\"@id\":\"https:\/\/larrs.cl\/sitio\/investigacion\/lineas\/#webpage\",\"url\":\"https:\/\/larrs.cl\/sitio\/investigacion\/lineas\/\",\"name\":\"L\\u00edneas - LARRS\",\"isPartOf\":{\"@id\":\"https:\/\/larrs.cl\/sitio\/#website\"},\"datePublished\":\"2018-06-30T00:51:35+00:00\",\"dateModified\":\"2018-06-30T00:54:38+00:00\",\"breadcrumb\":{\"@id\":\"https:\/\/larrs.cl\/sitio\/investigacion\/lineas\/#breadcrumb\"},\"inLanguage\":\"es\",\"potentialAction\":[{\"@type\":\"ReadAction\",\"target\":[\"https:\/\/larrs.cl\/sitio\/investigacion\/lineas\/\"]}]},{\"@type\":\"BreadcrumbList\",\"@id\":\"https:\/\/larrs.cl\/sitio\/investigacion\/lineas\/#breadcrumb\",\"itemListElement\":[{\"@type\":\"ListItem\",\"position\":1,\"name\":\"Portada\",\"item\":\"https:\/\/larrs.cl\/sitio\/\"},{\"@type\":\"ListItem\",\"position\":2,\"name\":\"Investigaci\\u00f3n\",\"item\":\"\/\"},{\"@type\":\"ListItem\",\"position\":3,\"name\":\"L\\u00edneas\"}]}]}<\/script>\n<!-- \/ Yoast SEO plugin. -->","yoast_head_json":{"title":"L\u00edneas - LARRS","robots":{"index":"index","follow":"follow","max-snippet":"max-snippet:-1","max-image-preview":"max-image-preview:large","max-video-preview":"max-video-preview:-1"},"canonical":"https:\/\/larrs.cl\/sitio\/investigacion\/lineas\/","og_locale":"es_ES","og_type":"article","og_title":"L\u00edneas - LARRS","og_description":"L\u00cdNEAS DE INVESTIGACI\u00d3N: El Laboratorio de Reducci\u00f3n de Riesgos Socionaturales (LARRS) realiza su investigaci\u00f3n centrada en 4 \u00e1reas prioritarias: 1) Riesgos hidrometeorol\u00f3gicos:Principalmente aborda la din\u00e1mica vinculada a procesos de inundaciones fluviales, referente con: i) an\u00e1lisis de factores condicionantes y detonantes, ii) an\u00e1lisis de tendencias, iii) factores de cambio asociados al cambio ambiental global. 2) Vulnerabilidad ...","og_url":"https:\/\/larrs.cl\/sitio\/investigacion\/lineas\/","og_site_name":"LARRS","article_modified_time":"2018-06-30T00:54:38+00:00","twitter_card":"summary_large_image","twitter_misc":{"Tiempo de lectura":"1 minuto"},"schema":{"@context":"https:\/\/schema.org","@graph":[{"@type":"WebSite","@id":"https:\/\/larrs.cl\/sitio\/#website","url":"https:\/\/larrs.cl\/sitio\/","name":"LARRS","description":"Reducci\u00f3n de riesgos socionaturales","potentialAction":[{"@type":"SearchAction","target":{"@type":"EntryPoint","urlTemplate":"https:\/\/larrs.cl\/sitio\/?s={search_term_string}"},"query-input":"required name=search_term_string"}],"inLanguage":"es"},{"@type":"WebPage","@id":"https:\/\/larrs.cl\/sitio\/investigacion\/lineas\/#webpage","url":"https:\/\/larrs.cl\/sitio\/investigacion\/lineas\/","name":"L\u00edneas - LARRS","isPartOf":{"@id":"https:\/\/larrs.cl\/sitio\/#website"},"datePublished":"2018-06-30T00:51:35+00:00","dateModified":"2018-06-30T00:54:38+00:00","breadcrumb":{"@id":"https:\/\/larrs.cl\/sitio\/investigacion\/lineas\/#breadcrumb"},"inLanguage":"es","potentialAction":[{"@type":"ReadAction","target":["https:\/\/larrs.cl\/sitio\/investigacion\/lineas\/"]}]},{"@type":"BreadcrumbList","@id":"https:\/\/larrs.cl\/sitio\/investigacion\/lineas\/#breadcrumb","itemListElement":[{"@type":"ListItem","position":1,"name":"Portada","item":"https:\/\/larrs.cl\/sitio\/"},{"@type":"ListItem","position":2,"name":"Investigaci\u00f3n","item":"\/"},{"@type":"ListItem","position":3,"name":"L\u00edneas"}]}]}},"_links":{"self":[{"href":"https:\/\/larrs.cl\/sitio\/wp-json\/wp\/v2\/pages\/1159"}],"collection":[{"href":"https:\/\/larrs.cl\/sitio\/wp-json\/wp\/v2\/pages"}],"about":[{"href":"https:\/\/larrs.cl\/sitio\/wp-json\/wp\/v2\/types\/page"}],"author":[{"embeddable":true,"href":"https:\/\/larrs.cl\/sitio\/wp-json\/wp\/v2\/users\/1"}],"replies":[{"embeddable":true,"href":"https:\/\/larrs.cl\/sitio\/wp-json\/wp\/v2\/comments?post=1159"}],"version-history":[{"count":2,"href":"https:\/\/larrs.cl\/sitio\/wp-json\/wp\/v2\/pages\/1159\/revisions"}],"predecessor-version":[{"id":1165,"href":"https:\/\/larrs.cl\/sitio\/wp-json\/wp\/v2\/pages\/1159\/revisions\/1165"}],"up":[{"embeddable":true,"href":"https:\/\/larrs.cl\/sitio\/wp-json\/wp\/v2\/pages\/943"}],"wp:attachment":[{"href":"https:\/\/larrs.cl\/sitio\/wp-json\/wp\/v2\/media?parent=1159"}],"curies":[{"name":"wp","href":"https:\/\/api.w.org\/{rel}","templated":true}]}}