{"id":1148,"date":"2018-06-30T00:34:43","date_gmt":"2018-06-30T00:34:43","guid":{"rendered":"https:\/\/larrs.cl\/sitio\/?page_id=1148"},"modified":"2021-09-20T21:10:41","modified_gmt":"2021-09-20T21:10:41","slug":"personal-tecnico","status":"publish","type":"page","link":"https:\/\/larrs.cl\/sitio\/equipo\/personal-tecnico\/","title":{"rendered":"Profesionales"},"content":{"rendered":"<p><span style=\"color: #ff6600;\"><strong>PERSONAL T\u00c9CNICO DE APOYO<\/strong><\/span><\/p>\n<div class=\"tmm tmm_profesionales tmm-inbox-pic\"><div class=\"tmm_3_columns tmm_wrap tmm_theme_f\"><span class=\"tmm_two_containers_tablet\"><\/span><div class=\"tmm_container tmm-equalizer\"><div class=\"tmm_member tmm_theme_f\" style=\"border-top:#dd9933 solid 3px;\"><div class=\"tmm_circular-borders tmm_filter-vintage  tmm_photo tmm_pic_profesionales_0\" style=\"background: url(https:\/\/larrs.cl\/sitio\/wp-content\/uploads\/2021\/09\/7c7dbf12-fa09-4619-af26-c03454a3122a.jpg); margin-left: auto; margin-right:auto; background-size:cover !important;\"><\/div><div class=\"tmm_textblock\"><div class=\"tmm_names\"><span class=\"tmm_fname\">Diego <\/span> <span class=\"tmm_lname\">Soto<\/span><\/div><div class=\"tmm_job\">Asistente de investigaci\u00f3n y proyectos<\/div><div class=\"tmm_desc\" style=\"text-align:\"><p>Ingeniero Ambiental por la Universidad de Concepci\u00f3n, tesis en el \u00e1rea de riesgos de inundaci\u00f3n.<\/p><\/div><div style=\"margin-top:10px; margin-bottom:15px; color:#dd9933\" class=\"tmm_more_info\"><div class=\"tmm_comp_text tmm_comp_text_dark\">Desastres, energ\u00eda<\/div>Intereses<\/div><div class=\"tmm_scblock\"><a class=\"tmm_sociallink\" href=\"mailto:\" title=\"\"><img decoding=\"async\" alt=\"\" src=\"https:\/\/larrs.cl\/sitio\/wp-content\/plugins\/team-members-pro\/inc\/img\/links\/email.png\"\/><\/a><\/div><\/div><\/div><div class=\"tmm_member tmm_theme_f\" style=\"border-top:#dd9933 solid 3px;\"><div class=\"tmm_circular-borders tmm_filter-vintage  tmm_photo tmm_pic_profesionales_1\" style=\"background: url(https:\/\/larrs.cl\/sitio\/wp-content\/uploads\/2018\/06\/Fabi\u00e1n-Pacheco-Zenteno.jpg); margin-left: auto; margin-right:auto; background-size:cover !important;\"><\/div><div class=\"tmm_textblock\"><div class=\"tmm_names\"><span class=\"tmm_fname\">Fabi\u00e1n <\/span> <span class=\"tmm_lname\">Pacheco<\/span><\/div><div class=\"tmm_job\">Coordinador de Laboratorio<\/div><div class=\"tmm_desc\" style=\"text-align:\"><p>Ge\u00f3grafo, Diplomado en An\u00e1lisis y Gesti\u00f3n del Ambiente por la Universidad de Concepci\u00f3n.<\/p><\/div><div style=\"margin-top:10px; margin-bottom:15px; color:#dd9933\" class=\"tmm_more_info\"><div class=\"tmm_comp_text tmm_comp_text_dark\">Teledetecci\u00f3n, geomorfolog\u00eda fluvial, evaluaci\u00f3n de riesgos en la Planificaci\u00f3n Territorial.<\/div>Intereses<\/div><div class=\"tmm_scblock\"><a class=\"tmm_sociallink\" href=\"mailto:fapacheco@udec.cl\" title=\"\"><img decoding=\"async\" alt=\"\" src=\"https:\/\/larrs.cl\/sitio\/wp-content\/plugins\/team-members-pro\/inc\/img\/links\/email.png\"\/><\/a><\/div><\/div><\/div><div style=\"clear:both;\"><\/div><\/div><\/div><\/div>\n","protected":false},"excerpt":{"rendered":"<p>PERSONAL T\u00c9CNICO DE APOYO<\/p>\n","protected":false},"author":1,"featured_media":0,"parent":940,"menu_order":0,"comment_status":"closed","ping_status":"closed","template":"","meta":{"footnotes":"","_links_to":"","_links_to_target":""},"class_list":["post-1148","page","type-page","status-publish","hentry"],"yoast_head":"<!-- This site is optimized with the Yoast SEO plugin v27.5 - https:\/\/yoast.com\/product\/yoast-seo-wordpress\/ -->\n<title>Profesionales - LARRS<\/title>\n<meta name=\"robots\" content=\"index, follow, max-snippet:-1, max-image-preview:large, max-video-preview:-1\" \/>\n<link rel=\"canonical\" href=\"https:\/\/larrs.cl\/sitio\/equipo\/personal-tecnico\/\" \/>\n<meta property=\"og:locale\" content=\"es_ES\" \/>\n<meta property=\"og:type\" content=\"article\" \/>\n<meta property=\"og:title\" content=\"Profesionales - LARRS\" \/>\n<meta property=\"og:description\" content=\"PERSONAL T\u00c9CNICO DE APOYO\" \/>\n<meta property=\"og:url\" content=\"https:\/\/larrs.cl\/sitio\/equipo\/personal-tecnico\/\" \/>\n<meta property=\"og:site_name\" content=\"LARRS\" \/>\n<meta property=\"article:modified_time\" content=\"2021-09-20T21:10:41+00:00\" \/>\n<meta name=\"twitter:card\" content=\"summary_large_image\" \/>\n<meta name=\"twitter:label1\" content=\"Tiempo de lectura\" \/>\n\t<meta name=\"twitter:data1\" content=\"1 minuto\" \/>\n<script type=\"application\/ld+json\" class=\"yoast-schema-graph\">{\"@context\":\"https:\\\/\\\/schema.org\",\"@graph\":[{\"@type\":\"WebPage\",\"@id\":\"https:\\\/\\\/larrs.cl\\\/sitio\\\/equipo\\\/personal-tecnico\\\/\",\"url\":\"https:\\\/\\\/larrs.cl\\\/sitio\\\/equipo\\\/personal-tecnico\\\/\",\"name\":\"Profesionales - LARRS\",\"isPartOf\":{\"@id\":\"https:\\\/\\\/larrs.cl\\\/sitio\\\/#website\"},\"datePublished\":\"2018-06-30T00:34:43+00:00\",\"dateModified\":\"2021-09-20T21:10:41+00:00\",\"breadcrumb\":{\"@id\":\"https:\\\/\\\/larrs.cl\\\/sitio\\\/equipo\\\/personal-tecnico\\\/#breadcrumb\"},\"inLanguage\":\"es\",\"potentialAction\":[{\"@type\":\"ReadAction\",\"target\":[\"https:\\\/\\\/larrs.cl\\\/sitio\\\/equipo\\\/personal-tecnico\\\/\"]}]},{\"@type\":\"BreadcrumbList\",\"@id\":\"https:\\\/\\\/larrs.cl\\\/sitio\\\/equipo\\\/personal-tecnico\\\/#breadcrumb\",\"itemListElement\":[{\"@type\":\"ListItem\",\"position\":1,\"name\":\"Portada\",\"item\":\"https:\\\/\\\/larrs.cl\\\/sitio\\\/\"},{\"@type\":\"ListItem\",\"position\":2,\"name\":\"Equipo\",\"item\":\"\\\/\"},{\"@type\":\"ListItem\",\"position\":3,\"name\":\"Profesionales\"}]},{\"@type\":\"WebSite\",\"@id\":\"https:\\\/\\\/larrs.cl\\\/sitio\\\/#website\",\"url\":\"https:\\\/\\\/larrs.cl\\\/sitio\\\/\",\"name\":\"LARRS\",\"description\":\"Reducci\u00f3n de riesgos socionaturales\",\"potentialAction\":[{\"@type\":\"SearchAction\",\"target\":{\"@type\":\"EntryPoint\",\"urlTemplate\":\"https:\\\/\\\/larrs.cl\\\/sitio\\\/?s={search_term_string}\"},\"query-input\":{\"@type\":\"PropertyValueSpecification\",\"valueRequired\":true,\"valueName\":\"search_term_string\"}}],\"inLanguage\":\"es\"}]}<\/script>\n<!-- \/ Yoast SEO plugin. -->","yoast_head_json":{"title":"Profesionales - LARRS","robots":{"index":"index","follow":"follow","max-snippet":"max-snippet:-1","max-image-preview":"max-image-preview:large","max-video-preview":"max-video-preview:-1"},"canonical":"https:\/\/larrs.cl\/sitio\/equipo\/personal-tecnico\/","og_locale":"es_ES","og_type":"article","og_title":"Profesionales - LARRS","og_description":"PERSONAL T\u00c9CNICO DE APOYO","og_url":"https:\/\/larrs.cl\/sitio\/equipo\/personal-tecnico\/","og_site_name":"LARRS","article_modified_time":"2021-09-20T21:10:41+00:00","twitter_card":"summary_large_image","twitter_misc":{"Tiempo de lectura":"1 minuto"},"schema":{"@context":"https:\/\/schema.org","@graph":[{"@type":"WebPage","@id":"https:\/\/larrs.cl\/sitio\/equipo\/personal-tecnico\/","url":"https:\/\/larrs.cl\/sitio\/equipo\/personal-tecnico\/","name":"Profesionales - LARRS","isPartOf":{"@id":"https:\/\/larrs.cl\/sitio\/#website"},"datePublished":"2018-06-30T00:34:43+00:00","dateModified":"2021-09-20T21:10:41+00:00","breadcrumb":{"@id":"https:\/\/larrs.cl\/sitio\/equipo\/personal-tecnico\/#breadcrumb"},"inLanguage":"es","potentialAction":[{"@type":"ReadAction","target":["https:\/\/larrs.cl\/sitio\/equipo\/personal-tecnico\/"]}]},{"@type":"BreadcrumbList","@id":"https:\/\/larrs.cl\/sitio\/equipo\/personal-tecnico\/#breadcrumb","itemListElement":[{"@type":"ListItem","position":1,"name":"Portada","item":"https:\/\/larrs.cl\/sitio\/"},{"@type":"ListItem","position":2,"name":"Equipo","item":"\/"},{"@type":"ListItem","position":3,"name":"Profesionales"}]},{"@type":"WebSite","@id":"https:\/\/larrs.cl\/sitio\/#website","url":"https:\/\/larrs.cl\/sitio\/","name":"LARRS","description":"Reducci\u00f3n de riesgos socionaturales","potentialAction":[{"@type":"SearchAction","target":{"@type":"EntryPoint","urlTemplate":"https:\/\/larrs.cl\/sitio\/?s={search_term_string}"},"query-input":{"@type":"PropertyValueSpecification","valueRequired":true,"valueName":"search_term_string"}}],"inLanguage":"es"}]}},"_links":{"self":[{"href":"https:\/\/larrs.cl\/sitio\/wp-json\/wp\/v2\/pages\/1148","targetHints":{"allow":["GET"]}}],"collection":[{"href":"https:\/\/larrs.cl\/sitio\/wp-json\/wp\/v2\/pages"}],"about":[{"href":"https:\/\/larrs.cl\/sitio\/wp-json\/wp\/v2\/types\/page"}],"author":[{"embeddable":true,"href":"https:\/\/larrs.cl\/sitio\/wp-json\/wp\/v2\/users\/1"}],"replies":[{"embeddable":true,"href":"https:\/\/larrs.cl\/sitio\/wp-json\/wp\/v2\/comments?post=1148"}],"version-history":[{"count":11,"href":"https:\/\/larrs.cl\/sitio\/wp-json\/wp\/v2\/pages\/1148\/revisions"}],"predecessor-version":[{"id":1471,"href":"https:\/\/larrs.cl\/sitio\/wp-json\/wp\/v2\/pages\/1148\/revisions\/1471"}],"up":[{"embeddable":true,"href":"https:\/\/larrs.cl\/sitio\/wp-json\/wp\/v2\/pages\/940"}],"wp:attachment":[{"href":"https:\/\/larrs.cl\/sitio\/wp-json\/wp\/v2\/media?parent=1148"}],"curies":[{"name":"wp","href":"https:\/\/api.w.org\/{rel}","templated":true}]}}