{"id":1146,"date":"2018-06-30T00:34:20","date_gmt":"2018-06-30T00:34:20","guid":{"rendered":"https:\/\/larrs.cl\/sitio\/?page_id=1146"},"modified":"2023-08-14T01:31:18","modified_gmt":"2023-08-14T01:31:18","slug":"internacional","status":"publish","type":"page","link":"https:\/\/larrs.cl\/sitio\/equipo\/internacional\/","title":{"rendered":"Internacional"},"content":{"rendered":"<div class=\"tmm tmm_internacional tmm-inbox-pic\"><div class=\"tmm_3_columns tmm_wrap tmm_theme_f\"><span class=\"tmm_two_containers_tablet\"><\/span><div class=\"tmm_container tmm-equalizer\"><div class=\"tmm_member tmm_theme_f\" style=\"border-top:#dd9933 solid 3px;\"><div class=\"tmm_circular-borders tmm_filter-vintage  tmm_photo tmm_pic_internacional_0\" style=\"background: url(https:\/\/larrs.cl\/sitio\/wp-content\/uploads\/2018\/06\/J.JAVIER.jpg); margin-left: auto; margin-right:auto; background-size:cover !important;\"><\/div><div class=\"tmm_textblock\"><div class=\"tmm_names\"><span class=\"tmm_fname\">Dr. Javier<\/span> <span class=\"tmm_lname\">L\u00f3pez-Rodr\u00edguez<\/span><\/div><div class=\"tmm_job\">Inundaciones y actuaciones fluviales<\/div><div class=\"tmm_desc\" style=\"text-align:\"><p>Dr. Ingeniero Agr\u00f3nomo por la Universidad de C\u00f3rdoba.&nbsp; Profesor Titular del \u00e1rea de Ingenier\u00eda Hidr\u00e1ulica en la Universidad P\u00fablica de Navarra (Espa\u00f1a).&nbsp;<\/p><\/div><div style=\"margin-top:10px; margin-bottom:15px; color:#dd9933\" class=\"tmm_more_info\"><div class=\"tmm_comp_text tmm_comp_text_dark\">Director o colaborador en m\u00e1s de 20 Proyectos de investigaci\u00f3n.  Autor o coautor de publicaciones en  Irrigation and Drainage; Hydrol. process.; Hydrological Sciences Journal; Journal of hydrology, Agricultural Water Management, entre otras. <\/div>M\u00e1s<\/div><div class=\"tmm_scblock\"><a target=\"_blank\" class=\"tmm_sociallink\" href=\"https:\/\/www.researchgate.net\/profile\/Jj-Lopez-2\" title=\"\"><img alt=\"\" src=\"https:\/\/larrs.cl\/sitio\/wp-content\/plugins\/team-members-pro\/inc\/img\/links\/researchgate.png\"\/><\/a><\/div><\/div><\/div><div class=\"tmm_member tmm_theme_f\" style=\"border-top:#dd9933 solid 3px;\"><div class=\"tmm_circular-borders tmm_filter-vintage  tmm_photo tmm_pic_internacional_1\" style=\"background: url(https:\/\/larrs.cl\/sitio\/wp-content\/uploads\/2018\/06\/wenseslao_plata.png); margin-left: auto; margin-right:auto; background-size:cover !important;\"><\/div><div class=\"tmm_textblock\"><div class=\"tmm_names\"><span class=\"tmm_fname\">Dr. Wenceslao<\/span> <span class=\"tmm_lname\">Plata Rocha<\/span><\/div><div class=\"tmm_job\">SIG y Cambios de uso de suelo<\/div><div class=\"tmm_desc\" style=\"text-align:\"><p>Dr. En Cartograf\u00eda, Teledetecci\u00f3n y SIG por la Universidad de Alcal\u00e1, Espa\u00f1a. Acad\u00e9mico Universidad Aut\u00f3noma de Sinaloa, M\u00e9xico.&nbsp;<\/p><\/div><div style=\"margin-top:10px; margin-bottom:15px; color:#dd9933\" class=\"tmm_more_info\"><div class=\"tmm_comp_text tmm_comp_text_dark\">Coordinador del doctorado en Ciencias de la Informaci\u00f3n de la misma casa de estudios. Autor o coautor de numerosas publicaciones cient\u00edficas, entre las que destacan las revistas: Scripta Nova, Geofocus, Estudios Geogr\u00e1ficos e Investigaciones Geogr\u00e1ficas (UNAM) (Link)<\/div>M\u00e1s<\/div><div class=\"tmm_scblock\"><a target=\"_blank\" class=\"tmm_sociallink\" href=\"https:\/\/www.researchgate.net\/profile\/Wenseslao-Plata-Rocha-2\" title=\"\"><img alt=\"\" src=\"https:\/\/larrs.cl\/sitio\/wp-content\/plugins\/team-members-pro\/inc\/img\/links\/researchgate.png\"\/><\/a><\/div><\/div><\/div><span class=\"tmm_two_containers_tablet\"><\/span><div class=\"tmm_member tmm_theme_f\" style=\"border-top:#dd9933 solid 3px;\"><div class=\"tmm_circular-borders tmm_filter-vintage  tmm_photo tmm_pic_internacional_2\" style=\"background: url(https:\/\/larrs.cl\/sitio\/wp-content\/uploads\/2021\/09\/s200_dra._esperanza.l_pez_v_zquez.jpg); margin-left: auto; margin-right:auto; background-size:cover !important;\"><\/div><div class=\"tmm_textblock\"><div class=\"tmm_names\"><span class=\"tmm_fname\">Dra. Esperanza<\/span> <span class=\"tmm_lname\">L\u00f3pez<\/span><\/div><div class=\"tmm_job\">Percepci\u00f3n del riesgo, psicolog\u00eda social<\/div><div class=\"tmm_desc\" style=\"text-align:\"><p>PhD in Social Psychology, Profesora en la Universidad Aut\u00f3noma del Estado de Morelos, Centro de Investigaci\u00f3n Transdisciplinar en Psicolog\u00eda - CITPsi<\/p><\/div><div style=\"margin-top:10px; margin-bottom:15px; color:#dd9933\" class=\"tmm_more_info\"><div class=\"tmm_comp_text tmm_comp_text_dark\">Investiga sobre la percepci\u00f3n del riesgo del cambio clim\u00e1tico y sobre la respuesta y la resiliencia de las personas ante los peligros naturales.<\/div>M\u00e1s<\/div><div class=\"tmm_scblock\"><a target=\"_blank\" class=\"tmm_sociallink\" href=\"https:\/\/scholar.google.com\/citations?user=v9IDlsQAAAAJ&hl=es\" title=\"\"><img alt=\"\" src=\"https:\/\/larrs.cl\/sitio\/wp-content\/plugins\/team-members-pro\/inc\/img\/links\/googleplus.png\"\/><\/a><a target=\"_blank\" class=\"tmm_sociallink\" href=\"https:\/\/www.researchgate.net\/profile\/Esperanza-Lopez-Vazquez\" title=\"\"><img alt=\"\" src=\"https:\/\/larrs.cl\/sitio\/wp-content\/plugins\/team-members-pro\/inc\/img\/links\/researchgate.png\"\/><\/a><\/div><\/div><\/div><div style=\"clear:both;\"><\/div><\/div><\/div><\/div>\n","protected":false},"excerpt":{"rendered":"","protected":false},"author":1,"featured_media":0,"parent":940,"menu_order":0,"comment_status":"closed","ping_status":"closed","template":"","meta":{"_links_to":"","_links_to_target":""},"yoast_head":"<!-- This site is optimized with the Yoast SEO plugin v17.1 - https:\/\/yoast.com\/wordpress\/plugins\/seo\/ -->\n<title>Internacional - LARRS<\/title>\n<meta name=\"robots\" content=\"index, follow, max-snippet:-1, max-image-preview:large, max-video-preview:-1\" \/>\n<link rel=\"canonical\" href=\"https:\/\/larrs.cl\/sitio\/equipo\/internacional\/\" \/>\n<meta property=\"og:locale\" content=\"es_ES\" \/>\n<meta property=\"og:type\" content=\"article\" \/>\n<meta property=\"og:title\" content=\"Internacional - LARRS\" \/>\n<meta property=\"og:url\" content=\"https:\/\/larrs.cl\/sitio\/equipo\/internacional\/\" \/>\n<meta property=\"og:site_name\" content=\"LARRS\" \/>\n<meta property=\"article:modified_time\" content=\"2023-08-14T01:31:18+00:00\" \/>\n<meta name=\"twitter:card\" content=\"summary_large_image\" \/>\n<meta name=\"twitter:label1\" content=\"Tiempo de lectura\" \/>\n\t<meta name=\"twitter:data1\" content=\"1 minuto\" \/>\n<script type=\"application\/ld+json\" class=\"yoast-schema-graph\">{\"@context\":\"https:\/\/schema.org\",\"@graph\":[{\"@type\":\"WebSite\",\"@id\":\"https:\/\/larrs.cl\/sitio\/#website\",\"url\":\"https:\/\/larrs.cl\/sitio\/\",\"name\":\"LARRS\",\"description\":\"Reducci\\u00f3n de riesgos socionaturales\",\"potentialAction\":[{\"@type\":\"SearchAction\",\"target\":{\"@type\":\"EntryPoint\",\"urlTemplate\":\"https:\/\/larrs.cl\/sitio\/?s={search_term_string}\"},\"query-input\":\"required name=search_term_string\"}],\"inLanguage\":\"es\"},{\"@type\":\"WebPage\",\"@id\":\"https:\/\/larrs.cl\/sitio\/equipo\/internacional\/#webpage\",\"url\":\"https:\/\/larrs.cl\/sitio\/equipo\/internacional\/\",\"name\":\"Internacional - LARRS\",\"isPartOf\":{\"@id\":\"https:\/\/larrs.cl\/sitio\/#website\"},\"datePublished\":\"2018-06-30T00:34:20+00:00\",\"dateModified\":\"2023-08-14T01:31:18+00:00\",\"breadcrumb\":{\"@id\":\"https:\/\/larrs.cl\/sitio\/equipo\/internacional\/#breadcrumb\"},\"inLanguage\":\"es\",\"potentialAction\":[{\"@type\":\"ReadAction\",\"target\":[\"https:\/\/larrs.cl\/sitio\/equipo\/internacional\/\"]}]},{\"@type\":\"BreadcrumbList\",\"@id\":\"https:\/\/larrs.cl\/sitio\/equipo\/internacional\/#breadcrumb\",\"itemListElement\":[{\"@type\":\"ListItem\",\"position\":1,\"name\":\"Portada\",\"item\":\"https:\/\/larrs.cl\/sitio\/\"},{\"@type\":\"ListItem\",\"position\":2,\"name\":\"Equipo\",\"item\":\"\/\"},{\"@type\":\"ListItem\",\"position\":3,\"name\":\"Internacional\"}]}]}<\/script>\n<!-- \/ Yoast SEO plugin. -->","yoast_head_json":{"title":"Internacional - LARRS","robots":{"index":"index","follow":"follow","max-snippet":"max-snippet:-1","max-image-preview":"max-image-preview:large","max-video-preview":"max-video-preview:-1"},"canonical":"https:\/\/larrs.cl\/sitio\/equipo\/internacional\/","og_locale":"es_ES","og_type":"article","og_title":"Internacional - LARRS","og_url":"https:\/\/larrs.cl\/sitio\/equipo\/internacional\/","og_site_name":"LARRS","article_modified_time":"2023-08-14T01:31:18+00:00","twitter_card":"summary_large_image","twitter_misc":{"Tiempo de lectura":"1 minuto"},"schema":{"@context":"https:\/\/schema.org","@graph":[{"@type":"WebSite","@id":"https:\/\/larrs.cl\/sitio\/#website","url":"https:\/\/larrs.cl\/sitio\/","name":"LARRS","description":"Reducci\u00f3n de riesgos socionaturales","potentialAction":[{"@type":"SearchAction","target":{"@type":"EntryPoint","urlTemplate":"https:\/\/larrs.cl\/sitio\/?s={search_term_string}"},"query-input":"required name=search_term_string"}],"inLanguage":"es"},{"@type":"WebPage","@id":"https:\/\/larrs.cl\/sitio\/equipo\/internacional\/#webpage","url":"https:\/\/larrs.cl\/sitio\/equipo\/internacional\/","name":"Internacional - LARRS","isPartOf":{"@id":"https:\/\/larrs.cl\/sitio\/#website"},"datePublished":"2018-06-30T00:34:20+00:00","dateModified":"2023-08-14T01:31:18+00:00","breadcrumb":{"@id":"https:\/\/larrs.cl\/sitio\/equipo\/internacional\/#breadcrumb"},"inLanguage":"es","potentialAction":[{"@type":"ReadAction","target":["https:\/\/larrs.cl\/sitio\/equipo\/internacional\/"]}]},{"@type":"BreadcrumbList","@id":"https:\/\/larrs.cl\/sitio\/equipo\/internacional\/#breadcrumb","itemListElement":[{"@type":"ListItem","position":1,"name":"Portada","item":"https:\/\/larrs.cl\/sitio\/"},{"@type":"ListItem","position":2,"name":"Equipo","item":"\/"},{"@type":"ListItem","position":3,"name":"Internacional"}]}]}},"_links":{"self":[{"href":"https:\/\/larrs.cl\/sitio\/wp-json\/wp\/v2\/pages\/1146"}],"collection":[{"href":"https:\/\/larrs.cl\/sitio\/wp-json\/wp\/v2\/pages"}],"about":[{"href":"https:\/\/larrs.cl\/sitio\/wp-json\/wp\/v2\/types\/page"}],"author":[{"embeddable":true,"href":"https:\/\/larrs.cl\/sitio\/wp-json\/wp\/v2\/users\/1"}],"replies":[{"embeddable":true,"href":"https:\/\/larrs.cl\/sitio\/wp-json\/wp\/v2\/comments?post=1146"}],"version-history":[{"count":11,"href":"https:\/\/larrs.cl\/sitio\/wp-json\/wp\/v2\/pages\/1146\/revisions"}],"predecessor-version":[{"id":1582,"href":"https:\/\/larrs.cl\/sitio\/wp-json\/wp\/v2\/pages\/1146\/revisions\/1582"}],"up":[{"embeddable":true,"href":"https:\/\/larrs.cl\/sitio\/wp-json\/wp\/v2\/pages\/940"}],"wp:attachment":[{"href":"https:\/\/larrs.cl\/sitio\/wp-json\/wp\/v2\/media?parent=1146"}],"curies":[{"name":"wp","href":"https:\/\/api.w.org\/{rel}","templated":true}]}}